{"id":53,"date":"2018-01-30T09:41:00","date_gmt":"2018-01-30T09:41:00","guid":{"rendered":"https:\/\/efaxstg.wpengine.com\/?page_id=53"},"modified":"2023-04-26T23:24:34","modified_gmt":"2023-04-26T23:24:34","slug":"blog","status":"publish","type":"page","link":"https:\/\/ww2.efax.com\/it\/blog","title":{"rendered":"Blog"},"content":{"rendered":"","protected":false},"excerpt":{"rendered":"","protected":false},"author":1,"featured_media":0,"parent":0,"menu_order":0,"comment_status":"closed","ping_status":"closed","template":"blog_archive.php","meta":{"_acf_changed":false,"footnotes":""},"class_list":["post-53","page","type-page","status-publish","hentry"],"acf":[],"yoast_head":"<!-- This site is optimized with the Yoast SEO plugin v27.3 - https:\/\/yoast.com\/product\/yoast-seo-wordpress\/ -->\n<title>Il blog di eFax Italia - tutto su fax online e tecnologia | eFax<\/title>\n<meta name=\"description\" content=\"L&#039;invio di fax via e-mail \u00e8 pi\u00f9 sicuro della posta elettronica. Affidabile per molte aziende, comprese Fortune 500. Scopri di pi\u00f9 sul nostro blog.\" \/>\n<meta name=\"robots\" content=\"index, follow, max-snippet:-1, max-image-preview:large, max-video-preview:-1\" \/>\n<link rel=\"canonical\" href=\"https:\/\/ww2.efax.com\/it\/blog\" \/>\n<meta property=\"og:locale\" content=\"en_US\" \/>\n<meta property=\"og:type\" content=\"article\" \/>\n<meta property=\"og:title\" content=\"Il blog di eFax Italia - tutto su fax online e tecnologia | eFax\" \/>\n<meta property=\"og:description\" content=\"L&#039;invio di fax via e-mail \u00e8 pi\u00f9 sicuro della posta elettronica. Affidabile per molte aziende, comprese Fortune 500. Scopri di pi\u00f9 sul nostro blog.\" \/>\n<meta property=\"og:url\" content=\"https:\/\/ww2.efax.com\/it\/blog\" \/>\n<meta property=\"og:site_name\" content=\"eFax IT\" \/>\n<meta property=\"article:modified_time\" content=\"2023-04-26T23:24:34+00:00\" \/>\n<meta name=\"twitter:card\" content=\"summary_large_image\" \/>\n<script type=\"application\/ld+json\" class=\"yoast-schema-graph\">{\"@context\":\"https:\\\/\\\/schema.org\",\"@graph\":[{\"@type\":\"WebPage\",\"@id\":\"https:\\\/\\\/ww2.efax.com\\\/it\\\/blog\",\"url\":\"https:\\\/\\\/ww2.efax.com\\\/it\\\/blog\",\"name\":\"Il blog di eFax Italia - tutto su fax online e tecnologia | eFax\",\"isPartOf\":{\"@id\":\"https:\\\/\\\/ww2.efax.com\\\/it\\\/#website\"},\"datePublished\":\"2018-01-30T09:41:00+00:00\",\"dateModified\":\"2023-04-26T23:24:34+00:00\",\"description\":\"L'invio di fax via e-mail \u00e8 pi\u00f9 sicuro della posta elettronica. Affidabile per molte aziende, comprese Fortune 500. Scopri di pi\u00f9 sul nostro blog.\",\"breadcrumb\":{\"@id\":\"https:\\\/\\\/ww2.efax.com\\\/it\\\/blog#breadcrumb\"},\"inLanguage\":\"en-US\",\"potentialAction\":[{\"@type\":\"ReadAction\",\"target\":[\"https:\\\/\\\/ww2.efax.com\\\/it\\\/blog\"]}]},{\"@type\":\"BreadcrumbList\",\"@id\":\"https:\\\/\\\/ww2.efax.com\\\/it\\\/blog#breadcrumb\",\"itemListElement\":[{\"@type\":\"ListItem\",\"position\":1,\"name\":\"Home\",\"item\":\"https:\\\/\\\/ww2.efax.com\\\/it\\\/\"},{\"@type\":\"ListItem\",\"position\":2,\"name\":\"Blog\"}]},{\"@type\":\"WebSite\",\"@id\":\"https:\\\/\\\/ww2.efax.com\\\/it\\\/#website\",\"url\":\"https:\\\/\\\/ww2.efax.com\\\/it\\\/\",\"name\":\"eFax IT\",\"description\":\"eFax Italy\",\"publisher\":{\"@id\":\"https:\\\/\\\/ww2.efax.com\\\/it\\\/#organization\"},\"potentialAction\":[{\"@type\":\"SearchAction\",\"target\":{\"@type\":\"EntryPoint\",\"urlTemplate\":\"https:\\\/\\\/ww2.efax.com\\\/it\\\/?s={search_term_string}\"},\"query-input\":{\"@type\":\"PropertyValueSpecification\",\"valueRequired\":true,\"valueName\":\"search_term_string\"}}],\"inLanguage\":\"en-US\"},{\"@type\":\"Organization\",\"@id\":\"https:\\\/\\\/ww2.efax.com\\\/it\\\/#organization\",\"name\":\"eFax IT\",\"url\":\"https:\\\/\\\/ww2.efax.com\\\/it\\\/\",\"logo\":{\"@type\":\"ImageObject\",\"inLanguage\":\"en-US\",\"@id\":\"https:\\\/\\\/ww2.efax.com\\\/it\\\/#\\\/schema\\\/logo\\\/image\\\/\",\"url\":\"https:\\\/\\\/ww2.efax.com\\\/it\\\/wp-content\\\/uploads\\\/sites\\\/13\\\/2025\\\/11\\\/eFax_logo_R_fullColor_cropped.png\",\"contentUrl\":\"https:\\\/\\\/ww2.efax.com\\\/it\\\/wp-content\\\/uploads\\\/sites\\\/13\\\/2025\\\/11\\\/eFax_logo_R_fullColor_cropped.png\",\"width\":2370,\"height\":749,\"caption\":\"eFax IT\"},\"image\":{\"@id\":\"https:\\\/\\\/ww2.efax.com\\\/it\\\/#\\\/schema\\\/logo\\\/image\\\/\"}}]}<\/script>\n<!-- \/ Yoast SEO plugin. -->","yoast_head_json":{"title":"Il blog di eFax Italia - tutto su fax online e tecnologia | eFax","description":"L'invio di fax via e-mail \u00e8 pi\u00f9 sicuro della posta elettronica. Affidabile per molte aziende, comprese Fortune 500. Scopri di pi\u00f9 sul nostro blog.","robots":{"index":"index","follow":"follow","max-snippet":"max-snippet:-1","max-image-preview":"max-image-preview:large","max-video-preview":"max-video-preview:-1"},"canonical":"https:\/\/ww2.efax.com\/it\/blog","og_locale":"en_US","og_type":"article","og_title":"Il blog di eFax Italia - tutto su fax online e tecnologia | eFax","og_description":"L'invio di fax via e-mail \u00e8 pi\u00f9 sicuro della posta elettronica. Affidabile per molte aziende, comprese Fortune 500. Scopri di pi\u00f9 sul nostro blog.","og_url":"https:\/\/ww2.efax.com\/it\/blog","og_site_name":"eFax IT","article_modified_time":"2023-04-26T23:24:34+00:00","twitter_card":"summary_large_image","schema":{"@context":"https:\/\/schema.org","@graph":[{"@type":"WebPage","@id":"https:\/\/ww2.efax.com\/it\/blog","url":"https:\/\/ww2.efax.com\/it\/blog","name":"Il blog di eFax Italia - tutto su fax online e tecnologia | eFax","isPartOf":{"@id":"https:\/\/ww2.efax.com\/it\/#website"},"datePublished":"2018-01-30T09:41:00+00:00","dateModified":"2023-04-26T23:24:34+00:00","description":"L'invio di fax via e-mail \u00e8 pi\u00f9 sicuro della posta elettronica. Affidabile per molte aziende, comprese Fortune 500. Scopri di pi\u00f9 sul nostro blog.","breadcrumb":{"@id":"https:\/\/ww2.efax.com\/it\/blog#breadcrumb"},"inLanguage":"en-US","potentialAction":[{"@type":"ReadAction","target":["https:\/\/ww2.efax.com\/it\/blog"]}]},{"@type":"BreadcrumbList","@id":"https:\/\/ww2.efax.com\/it\/blog#breadcrumb","itemListElement":[{"@type":"ListItem","position":1,"name":"Home","item":"https:\/\/ww2.efax.com\/it\/"},{"@type":"ListItem","position":2,"name":"Blog"}]},{"@type":"WebSite","@id":"https:\/\/ww2.efax.com\/it\/#website","url":"https:\/\/ww2.efax.com\/it\/","name":"eFax IT","description":"eFax Italy","publisher":{"@id":"https:\/\/ww2.efax.com\/it\/#organization"},"potentialAction":[{"@type":"SearchAction","target":{"@type":"EntryPoint","urlTemplate":"https:\/\/ww2.efax.com\/it\/?s={search_term_string}"},"query-input":{"@type":"PropertyValueSpecification","valueRequired":true,"valueName":"search_term_string"}}],"inLanguage":"en-US"},{"@type":"Organization","@id":"https:\/\/ww2.efax.com\/it\/#organization","name":"eFax IT","url":"https:\/\/ww2.efax.com\/it\/","logo":{"@type":"ImageObject","inLanguage":"en-US","@id":"https:\/\/ww2.efax.com\/it\/#\/schema\/logo\/image\/","url":"https:\/\/ww2.efax.com\/it\/wp-content\/uploads\/sites\/13\/2025\/11\/eFax_logo_R_fullColor_cropped.png","contentUrl":"https:\/\/ww2.efax.com\/it\/wp-content\/uploads\/sites\/13\/2025\/11\/eFax_logo_R_fullColor_cropped.png","width":2370,"height":749,"caption":"eFax IT"},"image":{"@id":"https:\/\/ww2.efax.com\/it\/#\/schema\/logo\/image\/"}}]}},"_links":{"self":[{"href":"https:\/\/ww2.efax.com\/it\/wp-json\/wp\/v2\/pages\/53","targetHints":{"allow":["GET"]}}],"collection":[{"href":"https:\/\/ww2.efax.com\/it\/wp-json\/wp\/v2\/pages"}],"about":[{"href":"https:\/\/ww2.efax.com\/it\/wp-json\/wp\/v2\/types\/page"}],"author":[{"embeddable":true,"href":"https:\/\/ww2.efax.com\/it\/wp-json\/wp\/v2\/users\/1"}],"replies":[{"embeddable":true,"href":"https:\/\/ww2.efax.com\/it\/wp-json\/wp\/v2\/comments?post=53"}],"version-history":[{"count":0,"href":"https:\/\/ww2.efax.com\/it\/wp-json\/wp\/v2\/pages\/53\/revisions"}],"wp:attachment":[{"href":"https:\/\/ww2.efax.com\/it\/wp-json\/wp\/v2\/media?parent=53"}],"curies":[{"name":"wp","href":"https:\/\/api.w.org\/{rel}","templated":true}]}}