{"id":1186,"date":"2022-07-15T11:43:49","date_gmt":"2022-07-15T11:43:49","guid":{"rendered":"https:\/\/efaxstg.wpengine.com\/fr\/?page_id=1186"},"modified":"2022-08-22T15:55:56","modified_gmt":"2022-08-22T15:55:56","slug":"compte","status":"publish","type":"page","link":"https:\/\/ww2.efax.com\/fr\/compte","title":{"rendered":"Compte"},"content":{"rendered":"\t\t<div data-elementor-type=\"wp-page\" data-elementor-id=\"1186\" class=\"elementor elementor-1186\" data-elementor-post-type=\"page\">\n\t\t\t\t\t\t<section class=\"elementor-section elementor-top-section elementor-element elementor-element-b6735f0 elementor-section-boxed elementor-section-height-default elementor-section-height-default\" data-id=\"b6735f0\" data-element_type=\"section\" data-e-type=\"section\">\n\t\t\t\t\t\t<div class=\"elementor-container elementor-column-gap-default\">\n\t\t\t\t\t<div class=\"elementor-column elementor-col-100 elementor-top-column elementor-element elementor-element-54b3534\" data-id=\"54b3534\" data-element_type=\"column\" data-e-type=\"column\">\n\t\t\t<div class=\"elementor-widget-wrap elementor-element-populated\">\n\t\t\t\t\t\t<div class=\"elementor-element elementor-element-d087930 elementor-widget elementor-widget-spacer\" data-id=\"d087930\" data-element_type=\"widget\" data-e-type=\"widget\" data-widget_type=\"spacer.default\">\n\t\t\t\t<div class=\"elementor-widget-container\">\n\t\t\t\t\t\t\t<div class=\"elementor-spacer\">\n\t\t\t<div class=\"elementor-spacer-inner\"><\/div>\n\t\t<\/div>\n\t\t\t\t\t\t<\/div>\n\t\t\t\t<\/div>\n\t\t\t\t\t<\/div>\n\t\t<\/div>\n\t\t\t\t\t<\/div>\n\t\t<\/section>\n\t\t\t\t<section class=\"elementor-section elementor-top-section elementor-element elementor-element-2986944 elementor-section-boxed elementor-section-height-default elementor-section-height-default\" data-id=\"2986944\" data-element_type=\"section\" data-e-type=\"section\">\n\t\t\t\t\t\t<div class=\"elementor-container elementor-column-gap-default\">\n\t\t\t\t\t<div class=\"elementor-column elementor-col-100 elementor-top-column elementor-element elementor-element-14a67f1\" data-id=\"14a67f1\" data-element_type=\"column\" data-e-type=\"column\">\n\t\t\t<div class=\"elementor-widget-wrap elementor-element-populated\">\n\t\t\t\t\t\t<div class=\"elementor-element elementor-element-ca5939b elementor-widget elementor-widget-heading\" data-id=\"ca5939b\" data-element_type=\"widget\" data-e-type=\"widget\" data-widget_type=\"heading.default\">\n\t\t\t\t<div class=\"elementor-widget-container\">\n\t\t\t\t\t<h2 class=\"elementor-heading-title elementor-size-default\">Comment r\u00e9silier votre compte eFax?\n<\/h2>\t\t\t\t<\/div>\n\t\t\t\t<\/div>\n\t\t\t\t<div class=\"elementor-element elementor-element-816cf24 elementor-widget elementor-widget-heading\" data-id=\"816cf24\" data-element_type=\"widget\" data-e-type=\"widget\" data-widget_type=\"heading.default\">\n\t\t\t\t<div class=\"elementor-widget-container\">\n\t\t\t\t\t<h2 class=\"elementor-heading-title elementor-size-default\">Nous sommes navr\u00e9s de vous voir partir!\n<\/h2>\t\t\t\t<\/div>\n\t\t\t\t<\/div>\n\t\t\t\t<div class=\"elementor-element elementor-element-84a4fa1 elementor-widget elementor-widget-spacer\" data-id=\"84a4fa1\" data-element_type=\"widget\" data-e-type=\"widget\" data-widget_type=\"spacer.default\">\n\t\t\t\t<div class=\"elementor-widget-container\">\n\t\t\t\t\t\t\t<div class=\"elementor-spacer\">\n\t\t\t<div class=\"elementor-spacer-inner\"><\/div>\n\t\t<\/div>\n\t\t\t\t\t\t<\/div>\n\t\t\t\t<\/div>\n\t\t\t\t<div class=\"elementor-element elementor-element-f7af5aa elementor-widget elementor-widget-heading\" data-id=\"f7af5aa\" data-element_type=\"widget\" data-e-type=\"widget\" data-widget_type=\"heading.default\">\n\t\t\t\t<div class=\"elementor-widget-container\">\n\t\t\t\t\t<p class=\"elementor-heading-title elementor-size-default\">Si vous devez annuler votre compte, vous pouvez facilement le faire en ligne :*\n<\/p>\t\t\t\t<\/div>\n\t\t\t\t<\/div>\n\t\t\t\t<div class=\"elementor-element elementor-element-d201e93 elementor-widget elementor-widget-text-editor\" data-id=\"d201e93\" data-element_type=\"widget\" data-e-type=\"widget\" data-widget_type=\"text-editor.default\">\n\t\t\t\t<div class=\"elementor-widget-container\">\n\t\t\t\t\t\t\t\t\t<ul><li><a href=\"https:\/\/portal.efax.fr\/myaccount\/login\">Connectez-vous<\/a>\u00a0\u00e0 votre compte via le portail Web eFax.<\/li><li>Acc\u00e9dez \u00e0 la section \u00ab Mettre \u00e0 jour le compte \u00bb dans la barre de navigation sup\u00e9rieure.<\/li><li>Cliquez sur l&#8217;onglet \u00ab Facturation \u00bb &#8211; faites d\u00e9filer jusqu&#8217;\u00e0 \u00ab Date du prochain paiement \u00bb.<\/li><li>Vous trouverez ici \u00ab Annuler mon compte \u00bb, cliquez pour annuler.<\/li><\/ul>\t\t\t\t\t\t\t\t<\/div>\n\t\t\t\t<\/div>\n\t\t\t\t<div class=\"elementor-element elementor-element-aba2b93 elementor-widget elementor-widget-heading\" data-id=\"aba2b93\" data-element_type=\"widget\" data-e-type=\"widget\" data-widget_type=\"heading.default\">\n\t\t\t\t<div class=\"elementor-widget-container\">\n\t\t\t\t\t<h2 class=\"elementor-heading-title elementor-size-default\">*Note importante:<\/h2>\t\t\t\t<\/div>\n\t\t\t\t<\/div>\n\t\t\t\t<div class=\"elementor-element elementor-element-dd8769f elementor-widget elementor-widget-text-editor\" data-id=\"dd8769f\" data-element_type=\"widget\" data-e-type=\"widget\" data-widget_type=\"text-editor.default\">\n\t\t\t\t<div class=\"elementor-widget-container\">\n\t\t\t\t\t\t\t\t\t<ul><li>Si vous avez un forfait annuel, plusieurs num\u00e9ros de fax, un solde impay\u00e9 ou si votre mode de paiement est autre qu&#8217;une carte, vous devez nous contacter par e-mail\u00a0<a href=\"mailto:aidefr@mail.efax.com\">aidefr@mail.efax.com<\/a>ou par t\u00e9l\u00e9phone au\u00a0<strong>01 70 06 04 11<\/strong>\u00a0pour annuler et nous vous assisterons<\/li><li>Toute inscription eFax achet\u00e9e via iTunes doit \u00eatre annul\u00e9e via iTunes.\u00a0<a href=\"https:\/\/support.apple.com\/en-us\/HT202039\">Cliquez ici<\/a>\u00a0pour obtenir des instructions d&#8217;annulation. Si vous avez besoin d&#8217;aide suppl\u00e9mentaire, veuillez nous en informer.<\/li><\/ul>\t\t\t\t\t\t\t\t<\/div>\n\t\t\t\t<\/div>\n\t\t\t\t<div class=\"elementor-element elementor-element-3759a1f elementor-widget elementor-widget-heading\" data-id=\"3759a1f\" data-element_type=\"widget\" data-e-type=\"widget\" data-widget_type=\"heading.default\">\n\t\t\t\t<div class=\"elementor-widget-container\">\n\t\t\t\t\t<p class=\"elementor-heading-title elementor-size-default\">Avez-vous des questions ou besoin d'informations suppl\u00e9mentaires ?<\/p>\t\t\t\t<\/div>\n\t\t\t\t<\/div>\n\t\t\t\t<div class=\"elementor-element elementor-element-9407e95 elementor-widget elementor-widget-heading\" data-id=\"9407e95\" data-element_type=\"widget\" data-e-type=\"widget\" data-widget_type=\"heading.default\">\n\t\t\t\t<div class=\"elementor-widget-container\">\n\t\t\t\t\t<h2 class=\"elementor-heading-title elementor-size-default\">Appelez-nous au 01 70 06 04 11.\n<\/h2>\t\t\t\t<\/div>\n\t\t\t\t<\/div>\n\t\t\t\t\t<\/div>\n\t\t<\/div>\n\t\t\t\t\t<\/div>\n\t\t<\/section>\n\t\t\t\t<section class=\"elementor-section elementor-top-section elementor-element elementor-element-43c55e5 elementor-section-boxed elementor-section-height-default elementor-section-height-default\" data-id=\"43c55e5\" data-element_type=\"section\" data-e-type=\"section\">\n\t\t\t\t\t\t<div class=\"elementor-container elementor-column-gap-default\">\n\t\t\t\t\t<div class=\"elementor-column elementor-col-100 elementor-top-column elementor-element elementor-element-aa254fc\" data-id=\"aa254fc\" data-element_type=\"column\" data-e-type=\"column\">\n\t\t\t<div class=\"elementor-widget-wrap elementor-element-populated\">\n\t\t\t\t\t\t<div class=\"elementor-element elementor-element-623af95 elementor-widget elementor-widget-spacer\" data-id=\"623af95\" data-element_type=\"widget\" data-e-type=\"widget\" data-widget_type=\"spacer.default\">\n\t\t\t\t<div class=\"elementor-widget-container\">\n\t\t\t\t\t\t\t<div class=\"elementor-spacer\">\n\t\t\t<div class=\"elementor-spacer-inner\"><\/div>\n\t\t<\/div>\n\t\t\t\t\t\t<\/div>\n\t\t\t\t<\/div>\n\t\t\t\t\t<\/div>\n\t\t<\/div>\n\t\t\t\t\t<\/div>\n\t\t<\/section>\n\t\t\t\t<\/div>\n\t\t","protected":false},"excerpt":{"rendered":"<p>Comment r\u00e9silier votre compte eFax? Nous sommes navr\u00e9s de vous voir partir! Si vous devez annuler votre compte, vous pouvez facilement le faire en ligne :* Connectez-vous&nbsp;\u00e0 votre compte via le portail Web eFax. Acc\u00e9dez \u00e0 la section \u00ab Mettre \u00e0 jour le compte \u00bb dans la barre de navigation sup\u00e9rieure. Cliquez sur l&#8217;onglet \u00ab [&hellip;]<\/p>\n","protected":false},"author":1,"featured_media":0,"parent":0,"menu_order":0,"comment_status":"closed","ping_status":"closed","template":"","meta":{"_acf_changed":false,"footnotes":""},"class_list":["post-1186","page","type-page","status-publish","hentry"],"acf":[],"yoast_head":"<!-- This site is optimized with the Yoast SEO plugin v27.4 - https:\/\/yoast.com\/product\/yoast-seo-wordpress\/ -->\n<title>eFax - Comment resilier votre compte eFax<\/title>\n<meta name=\"description\" content=\"Comment r\u00e9silier votre compte eFax? Nous sommes navr\u00e9s de vous voir partir!\" \/>\n<meta name=\"robots\" content=\"index, follow, max-snippet:-1, max-image-preview:large, max-video-preview:-1\" \/>\n<link rel=\"canonical\" href=\"https:\/\/ww2.efax.com\/fr\/compte\" \/>\n<meta property=\"og:locale\" content=\"en_US\" \/>\n<meta property=\"og:type\" content=\"article\" \/>\n<meta property=\"og:title\" content=\"eFax - Comment resilier votre compte eFax\" \/>\n<meta property=\"og:description\" content=\"Comment r\u00e9silier votre compte eFax? Nous sommes navr\u00e9s de vous voir partir!\" \/>\n<meta property=\"og:url\" content=\"https:\/\/ww2.efax.com\/fr\/compte\" \/>\n<meta property=\"og:site_name\" content=\"eFax FR\" \/>\n<meta property=\"article:modified_time\" content=\"2022-08-22T15:55:56+00:00\" \/>\n<meta name=\"twitter:card\" content=\"summary_large_image\" \/>\n<meta name=\"twitter:label1\" content=\"Est. reading time\" \/>\n\t<meta name=\"twitter:data1\" content=\"1 minute\" \/>\n<script type=\"application\/ld+json\" class=\"yoast-schema-graph\">{\"@context\":\"https:\\\/\\\/schema.org\",\"@graph\":[{\"@type\":\"WebPage\",\"@id\":\"https:\\\/\\\/ww2.efax.com\\\/fr\\\/compte\",\"url\":\"https:\\\/\\\/ww2.efax.com\\\/fr\\\/compte\",\"name\":\"eFax - Comment resilier votre compte eFax\",\"isPartOf\":{\"@id\":\"https:\\\/\\\/ww2.efax.com\\\/fr\\\/#website\"},\"datePublished\":\"2022-07-15T11:43:49+00:00\",\"dateModified\":\"2022-08-22T15:55:56+00:00\",\"description\":\"Comment r\u00e9silier votre compte eFax? Nous sommes navr\u00e9s de vous voir partir!\",\"breadcrumb\":{\"@id\":\"https:\\\/\\\/ww2.efax.com\\\/fr\\\/compte#breadcrumb\"},\"inLanguage\":\"en-US\",\"potentialAction\":[{\"@type\":\"ReadAction\",\"target\":[\"https:\\\/\\\/ww2.efax.com\\\/fr\\\/compte\"]}]},{\"@type\":\"BreadcrumbList\",\"@id\":\"https:\\\/\\\/ww2.efax.com\\\/fr\\\/compte#breadcrumb\",\"itemListElement\":[{\"@type\":\"ListItem\",\"position\":1,\"name\":\"Home\",\"item\":\"https:\\\/\\\/ww2.efax.com\\\/fr\\\/\"},{\"@type\":\"ListItem\",\"position\":2,\"name\":\"Compte\"}]},{\"@type\":\"WebSite\",\"@id\":\"https:\\\/\\\/ww2.efax.com\\\/fr\\\/#website\",\"url\":\"https:\\\/\\\/ww2.efax.com\\\/fr\\\/\",\"name\":\"eFax FR\",\"description\":\"Just another eFax site\",\"publisher\":{\"@id\":\"https:\\\/\\\/ww2.efax.com\\\/fr\\\/#organization\"},\"potentialAction\":[{\"@type\":\"SearchAction\",\"target\":{\"@type\":\"EntryPoint\",\"urlTemplate\":\"https:\\\/\\\/ww2.efax.com\\\/fr\\\/?s={search_term_string}\"},\"query-input\":{\"@type\":\"PropertyValueSpecification\",\"valueRequired\":true,\"valueName\":\"search_term_string\"}}],\"inLanguage\":\"en-US\"},{\"@type\":\"Organization\",\"@id\":\"https:\\\/\\\/ww2.efax.com\\\/fr\\\/#organization\",\"name\":\"eFax FR\",\"url\":\"https:\\\/\\\/ww2.efax.com\\\/fr\\\/\",\"logo\":{\"@type\":\"ImageObject\",\"inLanguage\":\"en-US\",\"@id\":\"https:\\\/\\\/ww2.efax.com\\\/fr\\\/#\\\/schema\\\/logo\\\/image\\\/\",\"url\":\"https:\\\/\\\/ww2.efax.com\\\/fr\\\/wp-content\\\/uploads\\\/sites\\\/11\\\/2022\\\/01\\\/logo-efax.png\",\"contentUrl\":\"https:\\\/\\\/ww2.efax.com\\\/fr\\\/wp-content\\\/uploads\\\/sites\\\/11\\\/2022\\\/01\\\/logo-efax.png\",\"width\":2370,\"height\":749,\"caption\":\"eFax FR\"},\"image\":{\"@id\":\"https:\\\/\\\/ww2.efax.com\\\/fr\\\/#\\\/schema\\\/logo\\\/image\\\/\"}}]}<\/script>\n<!-- \/ Yoast SEO plugin. -->","yoast_head_json":{"title":"eFax - Comment resilier votre compte eFax","description":"Comment r\u00e9silier votre compte eFax? Nous sommes navr\u00e9s de vous voir partir!","robots":{"index":"index","follow":"follow","max-snippet":"max-snippet:-1","max-image-preview":"max-image-preview:large","max-video-preview":"max-video-preview:-1"},"canonical":"https:\/\/ww2.efax.com\/fr\/compte","og_locale":"en_US","og_type":"article","og_title":"eFax - Comment resilier votre compte eFax","og_description":"Comment r\u00e9silier votre compte eFax? Nous sommes navr\u00e9s de vous voir partir!","og_url":"https:\/\/ww2.efax.com\/fr\/compte","og_site_name":"eFax FR","article_modified_time":"2022-08-22T15:55:56+00:00","twitter_card":"summary_large_image","twitter_misc":{"Est. reading time":"1 minute"},"schema":{"@context":"https:\/\/schema.org","@graph":[{"@type":"WebPage","@id":"https:\/\/ww2.efax.com\/fr\/compte","url":"https:\/\/ww2.efax.com\/fr\/compte","name":"eFax - Comment resilier votre compte eFax","isPartOf":{"@id":"https:\/\/ww2.efax.com\/fr\/#website"},"datePublished":"2022-07-15T11:43:49+00:00","dateModified":"2022-08-22T15:55:56+00:00","description":"Comment r\u00e9silier votre compte eFax? Nous sommes navr\u00e9s de vous voir partir!","breadcrumb":{"@id":"https:\/\/ww2.efax.com\/fr\/compte#breadcrumb"},"inLanguage":"en-US","potentialAction":[{"@type":"ReadAction","target":["https:\/\/ww2.efax.com\/fr\/compte"]}]},{"@type":"BreadcrumbList","@id":"https:\/\/ww2.efax.com\/fr\/compte#breadcrumb","itemListElement":[{"@type":"ListItem","position":1,"name":"Home","item":"https:\/\/ww2.efax.com\/fr\/"},{"@type":"ListItem","position":2,"name":"Compte"}]},{"@type":"WebSite","@id":"https:\/\/ww2.efax.com\/fr\/#website","url":"https:\/\/ww2.efax.com\/fr\/","name":"eFax FR","description":"Just another eFax site","publisher":{"@id":"https:\/\/ww2.efax.com\/fr\/#organization"},"potentialAction":[{"@type":"SearchAction","target":{"@type":"EntryPoint","urlTemplate":"https:\/\/ww2.efax.com\/fr\/?s={search_term_string}"},"query-input":{"@type":"PropertyValueSpecification","valueRequired":true,"valueName":"search_term_string"}}],"inLanguage":"en-US"},{"@type":"Organization","@id":"https:\/\/ww2.efax.com\/fr\/#organization","name":"eFax FR","url":"https:\/\/ww2.efax.com\/fr\/","logo":{"@type":"ImageObject","inLanguage":"en-US","@id":"https:\/\/ww2.efax.com\/fr\/#\/schema\/logo\/image\/","url":"https:\/\/ww2.efax.com\/fr\/wp-content\/uploads\/sites\/11\/2022\/01\/logo-efax.png","contentUrl":"https:\/\/ww2.efax.com\/fr\/wp-content\/uploads\/sites\/11\/2022\/01\/logo-efax.png","width":2370,"height":749,"caption":"eFax FR"},"image":{"@id":"https:\/\/ww2.efax.com\/fr\/#\/schema\/logo\/image\/"}}]}},"_links":{"self":[{"href":"https:\/\/ww2.efax.com\/fr\/wp-json\/wp\/v2\/pages\/1186","targetHints":{"allow":["GET"]}}],"collection":[{"href":"https:\/\/ww2.efax.com\/fr\/wp-json\/wp\/v2\/pages"}],"about":[{"href":"https:\/\/ww2.efax.com\/fr\/wp-json\/wp\/v2\/types\/page"}],"author":[{"embeddable":true,"href":"https:\/\/ww2.efax.com\/fr\/wp-json\/wp\/v2\/users\/1"}],"replies":[{"embeddable":true,"href":"https:\/\/ww2.efax.com\/fr\/wp-json\/wp\/v2\/comments?post=1186"}],"version-history":[{"count":0,"href":"https:\/\/ww2.efax.com\/fr\/wp-json\/wp\/v2\/pages\/1186\/revisions"}],"wp:attachment":[{"href":"https:\/\/ww2.efax.com\/fr\/wp-json\/wp\/v2\/media?parent=1186"}],"curies":[{"name":"wp","href":"https:\/\/api.w.org\/{rel}","templated":true}]}}