{"id":1177,"date":"2022-07-14T10:43:24","date_gmt":"2022-07-14T10:43:24","guid":{"rendered":"https:\/\/efaxstg.wpengine.com\/fr\/?page_id=1177"},"modified":"2023-05-08T20:03:58","modified_gmt":"2023-05-08T20:03:58","slug":"internet-fax-logiciel","status":"publish","type":"page","link":"https:\/\/ww2.efax.com\/fr\/internet-fax-logiciel","title":{"rendered":"Logiciel eFax &#8211; Centre de techargement"},"content":{"rendered":"\t\t<div data-elementor-type=\"wp-page\" data-elementor-id=\"1177\" class=\"elementor elementor-1177\" data-elementor-post-type=\"page\">\n\t\t\t\t\t\t<section class=\"elementor-section elementor-top-section elementor-element elementor-element-206219e elementor-section-boxed elementor-section-height-default elementor-section-height-default\" data-id=\"206219e\" data-element_type=\"section\" data-e-type=\"section\" data-settings=\"{&quot;background_background&quot;:&quot;classic&quot;}\">\n\t\t\t\t\t\t<div class=\"elementor-container elementor-column-gap-default\">\n\t\t\t\t\t<div class=\"elementor-column elementor-col-50 elementor-top-column elementor-element elementor-element-2ace79e\" data-id=\"2ace79e\" data-element_type=\"column\" data-e-type=\"column\">\n\t\t\t<div class=\"elementor-widget-wrap elementor-element-populated\">\n\t\t\t\t\t\t<div class=\"elementor-element elementor-element-2f77c30 elementor-widget elementor-widget-heading\" data-id=\"2f77c30\" data-element_type=\"widget\" data-e-type=\"widget\" data-widget_type=\"heading.default\">\n\t\t\t\t<div class=\"elementor-widget-container\">\n\t\t\t\t\t<h1 class=\"elementor-heading-title elementor-size-default\">Centre de t\u00e9l\u00e9chargement eFax\n<\/h1>\t\t\t\t<\/div>\n\t\t\t\t<\/div>\n\t\t\t\t\t<\/div>\n\t\t<\/div>\n\t\t\t\t<div class=\"elementor-column elementor-col-50 elementor-top-column elementor-element elementor-element-3f22672\" data-id=\"3f22672\" data-element_type=\"column\" data-e-type=\"column\">\n\t\t\t<div class=\"elementor-widget-wrap\">\n\t\t\t\t\t\t\t<\/div>\n\t\t<\/div>\n\t\t\t\t\t<\/div>\n\t\t<\/section>\n\t\t\t\t<section class=\"elementor-section elementor-top-section elementor-element elementor-element-70983cb elementor-section-boxed elementor-section-height-default elementor-section-height-default\" data-id=\"70983cb\" data-element_type=\"section\" data-e-type=\"section\">\n\t\t\t\t\t\t<div class=\"elementor-container elementor-column-gap-default\">\n\t\t\t\t\t<div class=\"elementor-column elementor-col-100 elementor-top-column elementor-element elementor-element-bd4d929\" data-id=\"bd4d929\" data-element_type=\"column\" data-e-type=\"column\">\n\t\t\t<div class=\"elementor-widget-wrap elementor-element-populated\">\n\t\t\t\t\t\t<div class=\"elementor-element elementor-element-d0f4965 elementor-widget elementor-widget-heading\" data-id=\"d0f4965\" data-element_type=\"widget\" data-e-type=\"widget\" data-widget_type=\"heading.default\">\n\t\t\t\t<div class=\"elementor-widget-container\">\n\t\t\t\t\t<h2 class=\"elementor-heading-title elementor-size-default\">eFax Messenger simplifie l'envoi de fax.\n<\/h2>\t\t\t\t<\/div>\n\t\t\t\t<\/div>\n\t\t\t\t<section class=\"elementor-section elementor-inner-section elementor-element elementor-element-d137223 elementor-section-boxed elementor-section-height-default elementor-section-height-default\" data-id=\"d137223\" data-element_type=\"section\" data-e-type=\"section\">\n\t\t\t\t\t\t<div class=\"elementor-container elementor-column-gap-default\">\n\t\t\t\t\t<div class=\"elementor-column elementor-col-100 elementor-inner-column elementor-element elementor-element-86c219a order-2\" data-id=\"86c219a\" data-element_type=\"column\" data-e-type=\"column\">\n\t\t\t<div class=\"elementor-widget-wrap elementor-element-populated\">\n\t\t\t\t\t\t<div class=\"elementor-element elementor-element-540fb90 elementor-widget elementor-widget-heading\" data-id=\"540fb90\" data-element_type=\"widget\" data-e-type=\"widget\" data-widget_type=\"heading.default\">\n\t\t\t\t<div class=\"elementor-widget-container\">\n\t\t\t\t\t<p class=\"elementor-heading-title elementor-size-default\">Gr\u00e2ce au logiciel de fax eFax Messenger, vous pouvez sauvegarder, afficher et modifier vos fax en toute simplicit\u00e9 \u00e0 partir de n'importe quel ordinateur. Sans suppl\u00e9ment avec votre eFax Plus ou eFax Pro, vous pouvez \u00e9galement utiliser eFax Messenger afin de cr\u00e9er et d'envoyer des fax comportant des annotations, des \u00e9l\u00e9ments mis en \u00e9vidence et votre signature.\n\n<\/p>\t\t\t\t<\/div>\n\t\t\t\t<\/div>\n\t\t\t\t<div class=\"elementor-element elementor-element-4f07c38 elementor-widget elementor-widget-heading\" data-id=\"4f07c38\" data-element_type=\"widget\" data-e-type=\"widget\" data-widget_type=\"heading.default\">\n\t\t\t\t<div class=\"elementor-widget-container\">\n\t\t\t\t\t<h2 class=\"elementor-heading-title elementor-size-default\">Nouvelles fonctionnalit\u00e9s :\n<\/h2>\t\t\t\t<\/div>\n\t\t\t\t<\/div>\n\t\t\t\t<div class=\"elementor-element elementor-element-bb4301c elementor-widget elementor-widget-text-editor\" data-id=\"bb4301c\" data-element_type=\"widget\" data-e-type=\"widget\" data-widget_type=\"text-editor.default\">\n\t\t\t\t<div class=\"elementor-widget-container\">\n\t\t\t\t\t\t\t\t\t<ul><li>Conversion de documents .efx au format PDF.<\/li><li>Impression des fax et des journaux depuis l&#8217;\u00e9cran de composition de fax, les dossiers envoy\u00e9s et les dossiers brouillon.<\/li><\/ul>\t\t\t\t\t\t\t\t<\/div>\n\t\t\t\t<\/div>\n\t\t\t\t<div class=\"elementor-element elementor-element-6e28ba6 elementor-position-inline-start image-box-margin-top elementor-view-default elementor-mobile-position-block-start elementor-widget elementor-widget-icon-box\" data-id=\"6e28ba6\" data-element_type=\"widget\" data-e-type=\"widget\" data-widget_type=\"icon-box.default\">\n\t\t\t\t<div class=\"elementor-widget-container\">\n\t\t\t\t\t\t\t<div class=\"elementor-icon-box-wrapper\">\n\n\t\t\t\t\t\t<div class=\"elementor-icon-box-icon\">\n\t\t\t\t<span  class=\"elementor-icon\">\n\t\t\t\t<i aria-hidden=\"true\" class=\"fab fa-windows\"><\/i>\t\t\t\t<\/span>\n\t\t\t<\/div>\n\t\t\t\n\t\t\t\t\t\t<div class=\"elementor-icon-box-content\">\n\n\t\t\t\t\t\t\t\t\t<h3 class=\"elementor-icon-box-title\">\n\t\t\t\t\t\t<span  >\n\t\t\t\t\t\t\t eFax Messenger pour Windows:\t\t\t\t\t\t<\/span>\n\t\t\t\t\t<\/h3>\n\t\t\t\t\n\t\t\t\t\n\t\t\t<\/div>\n\t\t\t\n\t\t<\/div>\n\t\t\t\t\t\t<\/div>\n\t\t\t\t<\/div>\n\t\t\t\t\t<\/div>\n\t\t<\/div>\n\t\t\t\t\t<\/div>\n\t\t<\/section>\n\t\t\t\t<div class=\"elementor-element elementor-element-377ca6c elementor-widget elementor-widget-heading\" data-id=\"377ca6c\" data-element_type=\"widget\" data-e-type=\"widget\" data-widget_type=\"heading.default\">\n\t\t\t\t<div class=\"elementor-widget-container\">\n\t\t\t\t\t<p class=\"elementor-heading-title elementor-size-default\">Configuration requise:<\/p>\t\t\t\t<\/div>\n\t\t\t\t<\/div>\n\t\t\t\t<div class=\"elementor-element elementor-element-2383131 elementor-widget elementor-widget-heading\" data-id=\"2383131\" data-element_type=\"widget\" data-e-type=\"widget\" data-widget_type=\"heading.default\">\n\t\t\t\t<div class=\"elementor-widget-container\">\n\t\t\t\t\t<h2 class=\"elementor-heading-title elementor-size-default\"><strong>OS:<\/strong> Windows XP \/ 2000 \/ Vista \/ 7 \/ 8.1 \/ 10<\/h2>\t\t\t\t<\/div>\n\t\t\t\t<\/div>\n\t\t\t\t<div class=\"elementor-element elementor-element-a18113e elementor-widget elementor-widget-spacer\" data-id=\"a18113e\" data-element_type=\"widget\" data-e-type=\"widget\" data-widget_type=\"spacer.default\">\n\t\t\t\t<div class=\"elementor-widget-container\">\n\t\t\t\t\t\t\t<div class=\"elementor-spacer\">\n\t\t\t<div class=\"elementor-spacer-inner\"><\/div>\n\t\t<\/div>\n\t\t\t\t\t\t<\/div>\n\t\t\t\t<\/div>\n\t\t\t\t<div class=\"elementor-element elementor-element-87d3b22 elementor-widget elementor-widget-heading\" data-id=\"87d3b22\" data-element_type=\"widget\" data-e-type=\"widget\" data-widget_type=\"heading.default\">\n\t\t\t\t<div class=\"elementor-widget-container\">\n\t\t\t\t\t<p class=\"elementor-heading-title elementor-size-default\">Taille du fichier: 3.6 MB download\n\n\n<\/p>\t\t\t\t<\/div>\n\t\t\t\t<\/div>\n\t\t\t\t<div class=\"elementor-element elementor-element-d94a661 elementor-widget elementor-widget-button\" data-id=\"d94a661\" data-element_type=\"widget\" data-e-type=\"widget\" data-widget_type=\"button.default\">\n\t\t\t\t<div class=\"elementor-widget-container\">\n\t\t\t\t\t\t\t\t\t<div class=\"elementor-button-wrapper\">\n\t\t\t\t\t<a class=\"elementor-button elementor-button-link elementor-size-sm\" href=\"https:\/\/ww2.efax.com\/fr\/efax-messenger-dl\">\n\t\t\t\t\t\t<span class=\"elementor-button-content-wrapper\">\n\t\t\t\t\t\t<span class=\"elementor-button-icon\">\n\t\t\t\t<i aria-hidden=\"true\" class=\"fas fa-download\"><\/i>\t\t\t<\/span>\n\t\t\t\t\t\t\t\t\t<span class=\"elementor-button-text\">T\u00e9l\u00e9charger<\/span>\n\t\t\t\t\t<\/span>\n\t\t\t\t\t<\/a>\n\t\t\t\t<\/div>\n\t\t\t\t\t\t\t\t<\/div>\n\t\t\t\t<\/div>\n\t\t\t\t\t<\/div>\n\t\t<\/div>\n\t\t\t\t\t<\/div>\n\t\t<\/section>\n\t\t\t\t<section class=\"elementor-section elementor-top-section elementor-element elementor-element-1e69cb8 elementor-section-boxed elementor-section-height-default elementor-section-height-default\" data-id=\"1e69cb8\" data-element_type=\"section\" data-e-type=\"section\">\n\t\t\t\t\t\t<div class=\"elementor-container elementor-column-gap-default\">\n\t\t\t\t\t<div class=\"elementor-column elementor-col-100 elementor-top-column elementor-element elementor-element-3174c31\" data-id=\"3174c31\" data-element_type=\"column\" data-e-type=\"column\">\n\t\t\t<div class=\"elementor-widget-wrap elementor-element-populated\">\n\t\t\t\t\t\t<div class=\"elementor-element elementor-element-7fd6da5 elementor-widget elementor-widget-heading\" data-id=\"7fd6da5\" data-element_type=\"widget\" data-e-type=\"widget\" data-widget_type=\"heading.default\">\n\t\t\t\t<div class=\"elementor-widget-container\">\n\t\t\t\t\t<h2 class=\"elementor-heading-title elementor-size-default\">Proc\u00e9dure d'installation d'eFax Messenger\n<\/h2>\t\t\t\t<\/div>\n\t\t\t\t<\/div>\n\t\t\t\t<div class=\"elementor-element elementor-element-f3103ec elementor-widget elementor-widget-text-editor\" data-id=\"f3103ec\" data-element_type=\"widget\" data-e-type=\"widget\" data-widget_type=\"text-editor.default\">\n\t\t\t\t<div class=\"elementor-widget-container\">\n\t\t\t\t\t\t\t\t\t<ol>\n \t<li>Si vous ne l&#8217;avez pas encore fait,\u00a0<a id=\"lnk_downloads_signup\" href=\"\">inscrivez-vous \u00e0 un compte eFax<\/a>.<\/li>\n \t<li>Choisissez la version d&#8217;eFax Messenger appropri\u00e9e pour votre syst\u00e8me d&#8217;exploitation.<\/li>\n \t<li>Cliquez sur le lien de t\u00e9l\u00e9chargement.<\/li>\n \t<li>Enregistrez le fichier sur votre ordinateur.<\/li>\n \t<li>Cliquez deux fois sur le fichier et suivez les instructions \u00e0 l&#8217;\u00e9cran pour installer eFax Messenger.<\/li>\n \t<li>Pour d\u00e9marrer le programme, cliquez sur l&#8217;ic\u00f4ne eFax Messenger de votre dossier Programmes (syst\u00e8me d&#8217;exploitation Windows) ou Applications (syst\u00e8me d&#8217;exploitation Mac).<\/li>\n<\/ol>\t\t\t\t\t\t\t\t<\/div>\n\t\t\t\t<\/div>\n\t\t\t\t\t<\/div>\n\t\t<\/div>\n\t\t\t\t\t<\/div>\n\t\t<\/section>\n\t\t\t\t<\/div>\n\t\t","protected":false},"excerpt":{"rendered":"<p>Centre de t\u00e9l\u00e9chargement eFax eFax Messenger simplifie l&#8217;envoi de fax. Gr\u00e2ce au logiciel de fax eFax Messenger, vous pouvez sauvegarder, afficher et modifier vos fax en toute simplicit\u00e9 \u00e0 partir de n&#8217;importe quel ordinateur. Sans suppl\u00e9ment avec votre eFax Plus ou eFax Pro, vous pouvez \u00e9galement utiliser eFax Messenger afin de cr\u00e9er et d&#8217;envoyer des [&hellip;]<\/p>\n","protected":false},"author":1,"featured_media":0,"parent":0,"menu_order":0,"comment_status":"closed","ping_status":"closed","template":"","meta":{"_acf_changed":false,"footnotes":""},"class_list":["post-1177","page","type-page","status-publish","hentry"],"acf":[],"yoast_head":"<!-- This site is optimized with the Yoast SEO plugin v27.3 - https:\/\/yoast.com\/product\/yoast-seo-wordpress\/ -->\n<title>Logiciel eFax - Centre de techargement<\/title>\n<meta name=\"description\" content=\"\u00c9conomisez du temps et de l&#039;argent pour faxer vos documents. T\u00e9l\u00e9chargez eFax Messenger, puis venez d\u00e9couvrir les fonctions de fax \u00e9lectronique.\" \/>\n<meta name=\"robots\" content=\"index, follow, max-snippet:-1, max-image-preview:large, max-video-preview:-1\" \/>\n<link rel=\"canonical\" href=\"https:\/\/ww2.efax.com\/fr\/internet-fax-logiciel\" \/>\n<meta property=\"og:locale\" content=\"en_US\" \/>\n<meta property=\"og:type\" content=\"article\" \/>\n<meta property=\"og:title\" content=\"Logiciel eFax - Centre de techargement\" \/>\n<meta property=\"og:description\" content=\"\u00c9conomisez du temps et de l&#039;argent pour faxer vos documents. T\u00e9l\u00e9chargez eFax Messenger, puis venez d\u00e9couvrir les fonctions de fax \u00e9lectronique.\" \/>\n<meta property=\"og:url\" content=\"https:\/\/ww2.efax.com\/fr\/internet-fax-logiciel\" \/>\n<meta property=\"og:site_name\" content=\"eFax FR\" \/>\n<meta property=\"article:modified_time\" content=\"2023-05-08T20:03:58+00:00\" \/>\n<meta name=\"twitter:card\" content=\"summary_large_image\" \/>\n<meta name=\"twitter:label1\" content=\"Est. reading time\" \/>\n\t<meta name=\"twitter:data1\" content=\"1 minute\" \/>\n<script type=\"application\/ld+json\" class=\"yoast-schema-graph\">{\"@context\":\"https:\\\/\\\/schema.org\",\"@graph\":[{\"@type\":\"WebPage\",\"@id\":\"https:\\\/\\\/ww2.efax.com\\\/fr\\\/internet-fax-logiciel\",\"url\":\"https:\\\/\\\/ww2.efax.com\\\/fr\\\/internet-fax-logiciel\",\"name\":\"Logiciel eFax - Centre de techargement\",\"isPartOf\":{\"@id\":\"https:\\\/\\\/ww2.efax.com\\\/fr\\\/#website\"},\"datePublished\":\"2022-07-14T10:43:24+00:00\",\"dateModified\":\"2023-05-08T20:03:58+00:00\",\"description\":\"\u00c9conomisez du temps et de l'argent pour faxer vos documents. T\u00e9l\u00e9chargez eFax Messenger, puis venez d\u00e9couvrir les fonctions de fax \u00e9lectronique.\",\"breadcrumb\":{\"@id\":\"https:\\\/\\\/ww2.efax.com\\\/fr\\\/internet-fax-logiciel#breadcrumb\"},\"inLanguage\":\"en-US\",\"potentialAction\":[{\"@type\":\"ReadAction\",\"target\":[\"https:\\\/\\\/ww2.efax.com\\\/fr\\\/internet-fax-logiciel\"]}]},{\"@type\":\"BreadcrumbList\",\"@id\":\"https:\\\/\\\/ww2.efax.com\\\/fr\\\/internet-fax-logiciel#breadcrumb\",\"itemListElement\":[{\"@type\":\"ListItem\",\"position\":1,\"name\":\"Home\",\"item\":\"https:\\\/\\\/ww2.efax.com\\\/fr\\\/\"},{\"@type\":\"ListItem\",\"position\":2,\"name\":\"Logiciel eFax &#8211; Centre de techargement\"}]},{\"@type\":\"WebSite\",\"@id\":\"https:\\\/\\\/ww2.efax.com\\\/fr\\\/#website\",\"url\":\"https:\\\/\\\/ww2.efax.com\\\/fr\\\/\",\"name\":\"eFax FR\",\"description\":\"Just another eFax site\",\"publisher\":{\"@id\":\"https:\\\/\\\/ww2.efax.com\\\/fr\\\/#organization\"},\"potentialAction\":[{\"@type\":\"SearchAction\",\"target\":{\"@type\":\"EntryPoint\",\"urlTemplate\":\"https:\\\/\\\/ww2.efax.com\\\/fr\\\/?s={search_term_string}\"},\"query-input\":{\"@type\":\"PropertyValueSpecification\",\"valueRequired\":true,\"valueName\":\"search_term_string\"}}],\"inLanguage\":\"en-US\"},{\"@type\":\"Organization\",\"@id\":\"https:\\\/\\\/ww2.efax.com\\\/fr\\\/#organization\",\"name\":\"eFax FR\",\"url\":\"https:\\\/\\\/ww2.efax.com\\\/fr\\\/\",\"logo\":{\"@type\":\"ImageObject\",\"inLanguage\":\"en-US\",\"@id\":\"https:\\\/\\\/ww2.efax.com\\\/fr\\\/#\\\/schema\\\/logo\\\/image\\\/\",\"url\":\"https:\\\/\\\/ww2.efax.com\\\/fr\\\/wp-content\\\/uploads\\\/sites\\\/11\\\/2022\\\/01\\\/logo-efax.png\",\"contentUrl\":\"https:\\\/\\\/ww2.efax.com\\\/fr\\\/wp-content\\\/uploads\\\/sites\\\/11\\\/2022\\\/01\\\/logo-efax.png\",\"width\":2370,\"height\":749,\"caption\":\"eFax FR\"},\"image\":{\"@id\":\"https:\\\/\\\/ww2.efax.com\\\/fr\\\/#\\\/schema\\\/logo\\\/image\\\/\"}}]}<\/script>\n<!-- \/ Yoast SEO plugin. -->","yoast_head_json":{"title":"Logiciel eFax - Centre de techargement","description":"\u00c9conomisez du temps et de l'argent pour faxer vos documents. T\u00e9l\u00e9chargez eFax Messenger, puis venez d\u00e9couvrir les fonctions de fax \u00e9lectronique.","robots":{"index":"index","follow":"follow","max-snippet":"max-snippet:-1","max-image-preview":"max-image-preview:large","max-video-preview":"max-video-preview:-1"},"canonical":"https:\/\/ww2.efax.com\/fr\/internet-fax-logiciel","og_locale":"en_US","og_type":"article","og_title":"Logiciel eFax - Centre de techargement","og_description":"\u00c9conomisez du temps et de l'argent pour faxer vos documents. T\u00e9l\u00e9chargez eFax Messenger, puis venez d\u00e9couvrir les fonctions de fax \u00e9lectronique.","og_url":"https:\/\/ww2.efax.com\/fr\/internet-fax-logiciel","og_site_name":"eFax FR","article_modified_time":"2023-05-08T20:03:58+00:00","twitter_card":"summary_large_image","twitter_misc":{"Est. reading time":"1 minute"},"schema":{"@context":"https:\/\/schema.org","@graph":[{"@type":"WebPage","@id":"https:\/\/ww2.efax.com\/fr\/internet-fax-logiciel","url":"https:\/\/ww2.efax.com\/fr\/internet-fax-logiciel","name":"Logiciel eFax - Centre de techargement","isPartOf":{"@id":"https:\/\/ww2.efax.com\/fr\/#website"},"datePublished":"2022-07-14T10:43:24+00:00","dateModified":"2023-05-08T20:03:58+00:00","description":"\u00c9conomisez du temps et de l'argent pour faxer vos documents. T\u00e9l\u00e9chargez eFax Messenger, puis venez d\u00e9couvrir les fonctions de fax \u00e9lectronique.","breadcrumb":{"@id":"https:\/\/ww2.efax.com\/fr\/internet-fax-logiciel#breadcrumb"},"inLanguage":"en-US","potentialAction":[{"@type":"ReadAction","target":["https:\/\/ww2.efax.com\/fr\/internet-fax-logiciel"]}]},{"@type":"BreadcrumbList","@id":"https:\/\/ww2.efax.com\/fr\/internet-fax-logiciel#breadcrumb","itemListElement":[{"@type":"ListItem","position":1,"name":"Home","item":"https:\/\/ww2.efax.com\/fr\/"},{"@type":"ListItem","position":2,"name":"Logiciel eFax &#8211; Centre de techargement"}]},{"@type":"WebSite","@id":"https:\/\/ww2.efax.com\/fr\/#website","url":"https:\/\/ww2.efax.com\/fr\/","name":"eFax FR","description":"Just another eFax site","publisher":{"@id":"https:\/\/ww2.efax.com\/fr\/#organization"},"potentialAction":[{"@type":"SearchAction","target":{"@type":"EntryPoint","urlTemplate":"https:\/\/ww2.efax.com\/fr\/?s={search_term_string}"},"query-input":{"@type":"PropertyValueSpecification","valueRequired":true,"valueName":"search_term_string"}}],"inLanguage":"en-US"},{"@type":"Organization","@id":"https:\/\/ww2.efax.com\/fr\/#organization","name":"eFax FR","url":"https:\/\/ww2.efax.com\/fr\/","logo":{"@type":"ImageObject","inLanguage":"en-US","@id":"https:\/\/ww2.efax.com\/fr\/#\/schema\/logo\/image\/","url":"https:\/\/ww2.efax.com\/fr\/wp-content\/uploads\/sites\/11\/2022\/01\/logo-efax.png","contentUrl":"https:\/\/ww2.efax.com\/fr\/wp-content\/uploads\/sites\/11\/2022\/01\/logo-efax.png","width":2370,"height":749,"caption":"eFax FR"},"image":{"@id":"https:\/\/ww2.efax.com\/fr\/#\/schema\/logo\/image\/"}}]}},"_links":{"self":[{"href":"https:\/\/ww2.efax.com\/fr\/wp-json\/wp\/v2\/pages\/1177","targetHints":{"allow":["GET"]}}],"collection":[{"href":"https:\/\/ww2.efax.com\/fr\/wp-json\/wp\/v2\/pages"}],"about":[{"href":"https:\/\/ww2.efax.com\/fr\/wp-json\/wp\/v2\/types\/page"}],"author":[{"embeddable":true,"href":"https:\/\/ww2.efax.com\/fr\/wp-json\/wp\/v2\/users\/1"}],"replies":[{"embeddable":true,"href":"https:\/\/ww2.efax.com\/fr\/wp-json\/wp\/v2\/comments?post=1177"}],"version-history":[{"count":0,"href":"https:\/\/ww2.efax.com\/fr\/wp-json\/wp\/v2\/pages\/1177\/revisions"}],"wp:attachment":[{"href":"https:\/\/ww2.efax.com\/fr\/wp-json\/wp\/v2\/media?parent=1177"}],"curies":[{"name":"wp","href":"https:\/\/api.w.org\/{rel}","templated":true}]}}