{"id":1007,"date":"2022-06-30T12:08:05","date_gmt":"2022-06-30T12:08:05","guid":{"rendered":"https:\/\/efaxstg.wpengine.com\/fr\/?page_id=1007"},"modified":"2023-02-08T19:35:12","modified_gmt":"2023-02-08T19:35:12","slug":"affilie","status":"publish","type":"page","link":"https:\/\/ww2.efax.com\/fr\/affilie","title":{"rendered":"Affilie"},"content":{"rendered":"\t\t<div data-elementor-type=\"wp-page\" data-elementor-id=\"1007\" class=\"elementor elementor-1007\" data-elementor-post-type=\"page\">\n\t\t\t\t\t\t<section class=\"elementor-section elementor-top-section elementor-element elementor-element-7d138b9 bg-pos-mob-260 elementor-section-boxed elementor-section-height-default elementor-section-height-default\" data-id=\"7d138b9\" data-element_type=\"section\" data-e-type=\"section\" data-settings=\"{&quot;background_background&quot;:&quot;classic&quot;}\">\n\t\t\t\t\t\t<div class=\"elementor-container elementor-column-gap-default\">\n\t\t\t\t\t<div class=\"elementor-column elementor-col-100 elementor-top-column elementor-element elementor-element-d1be95c\" data-id=\"d1be95c\" data-element_type=\"column\" data-e-type=\"column\">\n\t\t\t<div class=\"elementor-widget-wrap elementor-element-populated\">\n\t\t\t\t\t\t<div class=\"elementor-element elementor-element-188a54d elementor-widget elementor-widget-heading\" data-id=\"188a54d\" data-element_type=\"widget\" data-e-type=\"widget\" data-widget_type=\"heading.default\">\n\t\t\t\t<div class=\"elementor-widget-container\">\n\t\t\t\t\t<h1 class=\"elementor-heading-title elementor-size-default\">R\u00e9seau Mondial Affili\u00e9 eFax<sup>\u00ae<\/sup><\/h1>\t\t\t\t<\/div>\n\t\t\t\t<\/div>\n\t\t\t\t\t<\/div>\n\t\t<\/div>\n\t\t\t\t\t<\/div>\n\t\t<\/section>\n\t\t\t\t<section class=\"elementor-section elementor-top-section elementor-element elementor-element-592f310 elementor-section-boxed elementor-section-height-default elementor-section-height-default\" data-id=\"592f310\" data-element_type=\"section\" data-e-type=\"section\">\n\t\t\t\t\t\t<div class=\"elementor-container elementor-column-gap-default\">\n\t\t\t\t\t<div class=\"elementor-column elementor-col-100 elementor-top-column elementor-element elementor-element-b47a078\" data-id=\"b47a078\" data-element_type=\"column\" data-e-type=\"column\">\n\t\t\t<div class=\"elementor-widget-wrap elementor-element-populated\">\n\t\t\t\t\t\t<div class=\"elementor-element elementor-element-a7d71a5 elementor-widget elementor-widget-heading\" data-id=\"a7d71a5\" data-element_type=\"widget\" data-e-type=\"widget\" data-widget_type=\"heading.default\">\n\t\t\t\t<div class=\"elementor-widget-container\">\n\t\t\t\t\t<p class=\"elementor-heading-title elementor-size-default\">Avec plus d'11 millions d'abonn\u00e9s, eFax<sup>\u00ae<\/sup> est le premier r\u00e9seau de fax par Internet, offrant des num\u00e9ros de fax dans 4.600 villes et 49 pays \u00e0 travers le monde.<\/p>\t\t\t\t<\/div>\n\t\t\t\t<\/div>\n\t\t\t\t<div class=\"elementor-element elementor-element-7fa5b1a elementor-widget elementor-widget-heading\" data-id=\"7fa5b1a\" data-element_type=\"widget\" data-e-type=\"widget\" data-widget_type=\"heading.default\">\n\t\t\t\t<div class=\"elementor-widget-container\">\n\t\t\t\t\t<p class=\"elementor-heading-title elementor-size-default\">Il permet aux utilisateurs d'envoyer et de recevoir les fax de n'importe o\u00f9 \u00e0 partir d'un acc\u00e8s email et \u00e9limine le papier, l'encre et les fournitures de fax.<\/p>\t\t\t\t<\/div>\n\t\t\t\t<\/div>\n\t\t\t\t<div class=\"elementor-element elementor-element-9c79bbf elementor-widget elementor-widget-heading\" data-id=\"9c79bbf\" data-element_type=\"widget\" data-e-type=\"widget\" data-widget_type=\"heading.default\">\n\t\t\t\t<div class=\"elementor-widget-container\">\n\t\t\t\t\t<p class=\"elementor-heading-title elementor-size-default\">En tant que marque mondiale pr\u00e9dominante, eFax<sup>\u00ae<\/sup> est facile \u00e0 vendre et pr\u00e9sente une opportunit\u00e9 d'affaires unique et avantageuse.<\/p>\t\t\t\t<\/div>\n\t\t\t\t<\/div>\n\t\t\t\t\t<\/div>\n\t\t<\/div>\n\t\t\t\t\t<\/div>\n\t\t<\/section>\n\t\t\t\t<section class=\"elementor-section elementor-top-section elementor-element elementor-element-2986944 elementor-section-boxed elementor-section-height-default elementor-section-height-default\" data-id=\"2986944\" data-element_type=\"section\" data-e-type=\"section\">\n\t\t\t\t\t\t<div class=\"elementor-container elementor-column-gap-default\">\n\t\t\t\t\t<div class=\"elementor-column elementor-col-50 elementor-top-column elementor-element elementor-element-14a67f1\" data-id=\"14a67f1\" data-element_type=\"column\" data-e-type=\"column\">\n\t\t\t<div class=\"elementor-widget-wrap elementor-element-populated\">\n\t\t\t\t\t\t<div class=\"elementor-element elementor-element-ca5939b elementor-widget elementor-widget-heading\" data-id=\"ca5939b\" data-element_type=\"widget\" data-e-type=\"widget\" data-widget_type=\"heading.default\">\n\t\t\t\t<div class=\"elementor-widget-container\">\n\t\t\t\t\t<h2 class=\"elementor-heading-title elementor-size-default\">En tant qu'Affili\u00e9 eFax\u00ae, vous recevrez:\n<\/h2>\t\t\t\t<\/div>\n\t\t\t\t<\/div>\n\t\t\t\t<section class=\"elementor-section elementor-inner-section elementor-element elementor-element-249efa9 image-box elementor-section-boxed elementor-section-height-default elementor-section-height-default\" data-id=\"249efa9\" data-element_type=\"section\" data-e-type=\"section\">\n\t\t\t\t\t\t<div class=\"elementor-container elementor-column-gap-default\">\n\t\t\t\t\t<div class=\"elementor-column elementor-col-100 elementor-inner-column elementor-element elementor-element-8ea1fab\" data-id=\"8ea1fab\" data-element_type=\"column\" data-e-type=\"column\">\n\t\t\t<div class=\"elementor-widget-wrap elementor-element-populated\">\n\t\t\t\t\t\t<div class=\"elementor-element elementor-element-637534c elementor-position-left elementor-vertical-align-middle elementor-widget elementor-widget-image-box\" data-id=\"637534c\" data-element_type=\"widget\" data-e-type=\"widget\" data-widget_type=\"image-box.default\">\n\t\t\t\t<div class=\"elementor-widget-container\">\n\t\t\t\t\t<div class=\"elementor-image-box-wrapper\"><figure class=\"elementor-image-box-img\"><img decoding=\"async\" width=\"42\" height=\"36\" src=\"https:\/\/ww2.efax.com\/fr\/wp-content\/uploads\/sites\/11\/2022\/01\/efax-swirl.png\" class=\"attachment-thumbnail size-thumbnail wp-image-88\" alt=\"graphic-green-check\" \/><\/figure><div class=\"elementor-image-box-content\"><h3 class=\"elementor-image-box-title\">Commission sur l'ensemble de vos prospects et de vos ventes.<\/h3><\/div><\/div>\t\t\t\t<\/div>\n\t\t\t\t<\/div>\n\t\t\t\t\t<\/div>\n\t\t<\/div>\n\t\t\t\t\t<\/div>\n\t\t<\/section>\n\t\t\t\t<section class=\"elementor-section elementor-inner-section elementor-element elementor-element-1e9e34d image-box elementor-section-boxed elementor-section-height-default elementor-section-height-default\" data-id=\"1e9e34d\" data-element_type=\"section\" data-e-type=\"section\">\n\t\t\t\t\t\t<div class=\"elementor-container elementor-column-gap-default\">\n\t\t\t\t\t<div class=\"elementor-column elementor-col-100 elementor-inner-column elementor-element elementor-element-b8dc245\" data-id=\"b8dc245\" data-element_type=\"column\" data-e-type=\"column\">\n\t\t\t<div class=\"elementor-widget-wrap elementor-element-populated\">\n\t\t\t\t\t\t<div class=\"elementor-element elementor-element-cdd4e8d elementor-position-left elementor-vertical-align-middle elementor-widget elementor-widget-image-box\" data-id=\"cdd4e8d\" data-element_type=\"widget\" data-e-type=\"widget\" data-widget_type=\"image-box.default\">\n\t\t\t\t<div class=\"elementor-widget-container\">\n\t\t\t\t\t<div class=\"elementor-image-box-wrapper\"><figure class=\"elementor-image-box-img\"><img decoding=\"async\" width=\"42\" height=\"36\" src=\"https:\/\/ww2.efax.com\/fr\/wp-content\/uploads\/sites\/11\/2022\/01\/efax-swirl.png\" class=\"attachment-thumbnail size-thumbnail wp-image-88\" alt=\"graphic-green-check\" \/><\/figure><div class=\"elementor-image-box-content\"><h3 class=\"elementor-image-box-title\">Paiements progressifs bas\u00e9s sur la quantit\u00e9 de vos ventes.<\/h3><\/div><\/div>\t\t\t\t<\/div>\n\t\t\t\t<\/div>\n\t\t\t\t\t<\/div>\n\t\t<\/div>\n\t\t\t\t\t<\/div>\n\t\t<\/section>\n\t\t\t\t<section class=\"elementor-section elementor-inner-section elementor-element elementor-element-3da9782 image-box elementor-section-boxed elementor-section-height-default elementor-section-height-default\" data-id=\"3da9782\" data-element_type=\"section\" data-e-type=\"section\">\n\t\t\t\t\t\t<div class=\"elementor-container elementor-column-gap-default\">\n\t\t\t\t\t<div class=\"elementor-column elementor-col-100 elementor-inner-column elementor-element elementor-element-bbb500b\" data-id=\"bbb500b\" data-element_type=\"column\" data-e-type=\"column\">\n\t\t\t<div class=\"elementor-widget-wrap elementor-element-populated\">\n\t\t\t\t\t\t<div class=\"elementor-element elementor-element-1a30a93 elementor-position-left elementor-vertical-align-middle elementor-widget elementor-widget-image-box\" data-id=\"1a30a93\" data-element_type=\"widget\" data-e-type=\"widget\" data-widget_type=\"image-box.default\">\n\t\t\t\t<div class=\"elementor-widget-container\">\n\t\t\t\t\t<div class=\"elementor-image-box-wrapper\"><figure class=\"elementor-image-box-img\"><img decoding=\"async\" width=\"42\" height=\"36\" src=\"https:\/\/ww2.efax.com\/fr\/wp-content\/uploads\/sites\/11\/2022\/01\/efax-swirl.png\" class=\"attachment-thumbnail size-thumbnail wp-image-88\" alt=\"graphic-green-check\" \/><\/figure><div class=\"elementor-image-box-content\"><h3 class=\"elementor-image-box-title\">Une chance d'avoir comme partenaire le leader mondial des fax par Internet.<\/h3><\/div><\/div>\t\t\t\t<\/div>\n\t\t\t\t<\/div>\n\t\t\t\t\t<\/div>\n\t\t<\/div>\n\t\t\t\t\t<\/div>\n\t\t<\/section>\n\t\t\t\t\t<\/div>\n\t\t<\/div>\n\t\t\t\t<div class=\"elementor-column elementor-col-50 elementor-top-column elementor-element elementor-element-bab7210 0\" data-id=\"bab7210\" data-element_type=\"column\" data-e-type=\"column\">\n\t\t\t<div class=\"elementor-widget-wrap\">\n\t\t\t\t\t\t\t<\/div>\n\t\t<\/div>\n\t\t\t\t\t<\/div>\n\t\t<\/section>\n\t\t\t\t<section class=\"elementor-section elementor-top-section elementor-element elementor-element-999757a elementor-section-boxed elementor-section-height-default elementor-section-height-default\" data-id=\"999757a\" data-element_type=\"section\" data-e-type=\"section\">\n\t\t\t\t\t\t<div class=\"elementor-container elementor-column-gap-no\">\n\t\t\t\t\t<div class=\"elementor-column elementor-col-100 elementor-top-column elementor-element elementor-element-201134a\" data-id=\"201134a\" data-element_type=\"column\" data-e-type=\"column\">\n\t\t\t<div class=\"elementor-widget-wrap elementor-element-populated\">\n\t\t\t\t\t\t<div class=\"elementor-element elementor-element-f778cb5 elementor-widget elementor-widget-heading\" data-id=\"f778cb5\" data-element_type=\"widget\" data-e-type=\"widget\" data-widget_type=\"heading.default\">\n\t\t\t\t<div class=\"elementor-widget-container\">\n\t\t\t\t\t<h2 class=\"elementor-heading-title elementor-size-default\">Joignez notre \u00e9quipe<\/h2>\t\t\t\t<\/div>\n\t\t\t\t<\/div>\n\t\t\t\t<div class=\"elementor-element elementor-element-f7af5aa elementor-widget elementor-widget-heading\" data-id=\"f7af5aa\" data-element_type=\"widget\" data-e-type=\"widget\" data-widget_type=\"heading.default\">\n\t\t\t\t<div class=\"elementor-widget-container\">\n\t\t\t\t\t<p class=\"elementor-heading-title elementor-size-default\">eFax\u00ae s'est associ\u00e9 \u00e0 la Commission de Rassemblement pour offrir \u00e0 nos Partenaires l'assurance d'un suivi, rapportant en temps r\u00e9el et des ch\u00e8ques de commission mensuels. Vous pouvez vous inscrire directement dans le champ Membre de la Commission de Rassemblement.<\/p>\t\t\t\t<\/div>\n\t\t\t\t<\/div>\n\t\t\t\t\t<\/div>\n\t\t<\/div>\n\t\t\t\t\t<\/div>\n\t\t<\/section>\n\t\t\t\t<section class=\"elementor-section elementor-top-section elementor-element elementor-element-c3a5f73 elementor-section-boxed elementor-section-height-default elementor-section-height-default\" data-id=\"c3a5f73\" data-element_type=\"section\" data-e-type=\"section\">\n\t\t\t\t\t\t<div class=\"elementor-container elementor-column-gap-no\">\n\t\t\t\t\t<div class=\"elementor-column elementor-col-100 elementor-top-column elementor-element elementor-element-e9ac957\" data-id=\"e9ac957\" data-element_type=\"column\" data-e-type=\"column\">\n\t\t\t<div class=\"elementor-widget-wrap elementor-element-populated\">\n\t\t\t\t\t\t<div class=\"elementor-element elementor-element-2c7b980 elementor-widget elementor-widget-heading\" data-id=\"2c7b980\" data-element_type=\"widget\" data-e-type=\"widget\" data-widget_type=\"heading.default\">\n\t\t\t\t<div class=\"elementor-widget-container\">\n\t\t\t\t\t<h2 class=\"elementor-heading-title elementor-size-default\">Venez rejoindre notre programme affili\u00e9 US<\/h2>\t\t\t\t<\/div>\n\t\t\t\t<\/div>\n\t\t\t\t<div class=\"elementor-element elementor-element-a40720c elementor-widget elementor-widget-heading\" data-id=\"a40720c\" data-element_type=\"widget\" data-e-type=\"widget\" data-widget_type=\"heading.default\">\n\t\t\t\t<div class=\"elementor-widget-container\">\n\t\t\t\t\t<p class=\"elementor-heading-title elementor-size-default\">Int\u00e9ress\u00e9 pour \u00eatre affili\u00e9 \u00e0 notre programme US? Obtenez plus d'informations ici.<\/p>\t\t\t\t<\/div>\n\t\t\t\t<\/div>\n\t\t\t\t\t<\/div>\n\t\t<\/div>\n\t\t\t\t\t<\/div>\n\t\t<\/section>\n\t\t\t\t<section class=\"elementor-section elementor-top-section elementor-element elementor-element-a8c5210 elementor-section-boxed elementor-section-height-default elementor-section-height-default\" data-id=\"a8c5210\" data-element_type=\"section\" data-e-type=\"section\">\n\t\t\t\t\t\t<div class=\"elementor-container elementor-column-gap-no\">\n\t\t\t\t\t<div class=\"elementor-column elementor-col-100 elementor-top-column elementor-element elementor-element-64e5b8e\" data-id=\"64e5b8e\" data-element_type=\"column\" data-e-type=\"column\">\n\t\t\t<div class=\"elementor-widget-wrap elementor-element-populated\">\n\t\t\t\t\t\t<div class=\"elementor-element elementor-element-49ff270 elementor-widget elementor-widget-heading\" data-id=\"49ff270\" data-element_type=\"widget\" data-e-type=\"widget\" data-widget_type=\"heading.default\">\n\t\t\t\t<div class=\"elementor-widget-container\">\n\t\t\t\t\t<h2 class=\"elementor-heading-title elementor-size-default\">Contactez-nous\n<\/h2>\t\t\t\t<\/div>\n\t\t\t\t<\/div>\n\t\t\t\t<div class=\"elementor-element elementor-element-01c3f25 elementor-widget elementor-widget-heading\" data-id=\"01c3f25\" data-element_type=\"widget\" data-e-type=\"widget\" data-widget_type=\"heading.default\">\n\t\t\t\t<div class=\"elementor-widget-container\">\n\t\t\t\t\t<p class=\"elementor-heading-title elementor-size-default\">Si vous avez d'autres questions ou des doutes, n'h\u00e9sitez pas \u00e0 contacter notre Equipe des Affili\u00e9s d'eFax<sup>\u00ae<\/sup> \u00e0 : <a href=\"mailto:ventes@mail.efax.com\" style=\"color: #095587\">ventes@mail.efax.com<\/a>.<\/p>\t\t\t\t<\/div>\n\t\t\t\t<\/div>\n\t\t\t\t\t<\/div>\n\t\t<\/div>\n\t\t\t\t\t<\/div>\n\t\t<\/section>\n\t\t\t\t<section class=\"elementor-section elementor-top-section elementor-element elementor-element-3fe81ce elementor-section-boxed elementor-section-height-default elementor-section-height-default\" data-id=\"3fe81ce\" data-element_type=\"section\" data-e-type=\"section\" data-settings=\"{&quot;background_background&quot;:&quot;classic&quot;}\">\n\t\t\t\t\t\t<div class=\"elementor-container elementor-column-gap-default\">\n\t\t\t\t\t<div class=\"elementor-column elementor-col-100 elementor-top-column elementor-element elementor-element-85b11ee\" data-id=\"85b11ee\" data-element_type=\"column\" data-e-type=\"column\">\n\t\t\t<div class=\"elementor-widget-wrap elementor-element-populated\">\n\t\t\t\t\t\t<div class=\"elementor-element elementor-element-f71602e elementor-widget__width-auto elementor-widget elementor-widget-heading\" data-id=\"f71602e\" data-element_type=\"widget\" data-e-type=\"widget\" data-widget_type=\"heading.default\">\n\t\t\t\t<div class=\"elementor-widget-container\">\n\t\t\t\t\t<h3 class=\"elementor-heading-title elementor-size-default\">Sans engagement. Pas de frais d'installation. Aucun risque.\n<\/h3>\t\t\t\t<\/div>\n\t\t\t\t<\/div>\n\t\t\t\t<div class=\"elementor-element elementor-element-1c5ef93 elementor-align-center elementor-widget__width-auto elementor-widget elementor-widget-global elementor-global-1320 elementor-widget-button\" data-id=\"1c5ef93\" data-element_type=\"widget\" data-e-type=\"widget\" data-widget_type=\"button.default\">\n\t\t\t\t<div class=\"elementor-widget-container\">\n\t\t\t\t\t\t\t\t\t<div class=\"elementor-button-wrapper\">\n\t\t\t\t\t<a class=\"elementor-button elementor-button-link elementor-size-sm\" href=\"https:\/\/secure.efax.com\/fr\/signup\">\n\t\t\t\t\t\t<span class=\"elementor-button-content-wrapper\">\n\t\t\t\t\t\t\t\t\t<span class=\"elementor-button-text\">INSCRIVEZ-VOUS MAINTENANT<\/span>\n\t\t\t\t\t<\/span>\n\t\t\t\t\t<\/a>\n\t\t\t\t<\/div>\n\t\t\t\t\t\t\t\t<\/div>\n\t\t\t\t<\/div>\n\t\t\t\t\t<\/div>\n\t\t<\/div>\n\t\t\t\t\t<\/div>\n\t\t<\/section>\n\t\t\t\t<\/div>\n\t\t","protected":false},"excerpt":{"rendered":"<p>R\u00e9seau Mondial Affili\u00e9 eFax\u00ae Avec plus d&#8217;11 millions d&#8217;abonn\u00e9s, eFax\u00ae est le premier r\u00e9seau de fax par Internet, offrant des num\u00e9ros de fax dans 4.600 villes et 49 pays \u00e0 travers le monde. Il permet aux utilisateurs d&#8217;envoyer et de recevoir les fax de n&#8217;importe o\u00f9 \u00e0 partir d&#8217;un acc\u00e8s email et \u00e9limine le papier, [&hellip;]<\/p>\n","protected":false},"author":1,"featured_media":0,"parent":0,"menu_order":0,"comment_status":"closed","ping_status":"closed","template":"","meta":{"_acf_changed":false,"footnotes":""},"class_list":["post-1007","page","type-page","status-publish","hentry"],"acf":[],"yoast_head":"<!-- This site is optimized with the Yoast SEO plugin v27.3 - https:\/\/yoast.com\/product\/yoast-seo-wordpress\/ -->\n<title>Accords de partenariat avec eFax<\/title>\n<meta name=\"description\" content=\"Avec plus 11 millions d&#039;abonn\u00e9s, eFax\u00ae est le premier r\u00e9seau de fax par Internet, offrant des num\u00e9ros de fax dans 3.800 villes et 49 pays \u00e0 travers le monde.\" \/>\n<meta name=\"robots\" content=\"index, follow, max-snippet:-1, max-image-preview:large, max-video-preview:-1\" \/>\n<link rel=\"canonical\" href=\"https:\/\/ww2.efax.com\/fr\/affilie\" \/>\n<meta property=\"og:locale\" content=\"en_US\" \/>\n<meta property=\"og:type\" content=\"article\" \/>\n<meta property=\"og:title\" content=\"Accords de partenariat avec eFax\" \/>\n<meta property=\"og:description\" content=\"Avec plus 11 millions d&#039;abonn\u00e9s, eFax\u00ae est le premier r\u00e9seau de fax par Internet, offrant des num\u00e9ros de fax dans 3.800 villes et 49 pays \u00e0 travers le monde.\" \/>\n<meta property=\"og:url\" content=\"https:\/\/ww2.efax.com\/fr\/affilie\" \/>\n<meta property=\"og:site_name\" content=\"eFax FR\" \/>\n<meta property=\"article:modified_time\" content=\"2023-02-08T19:35:12+00:00\" \/>\n<meta property=\"og:image\" content=\"https:\/\/ww2.efax.com\/fr\/wp-content\/uploads\/sites\/11\/2022\/01\/efax-swirl.png\" \/>\n<meta name=\"twitter:card\" content=\"summary_large_image\" \/>\n<meta name=\"twitter:label1\" content=\"Est. reading time\" \/>\n\t<meta name=\"twitter:data1\" content=\"2 minutes\" \/>\n<script type=\"application\/ld+json\" class=\"yoast-schema-graph\">{\"@context\":\"https:\\\/\\\/schema.org\",\"@graph\":[{\"@type\":\"WebPage\",\"@id\":\"https:\\\/\\\/ww2.efax.com\\\/fr\\\/affilie\",\"url\":\"https:\\\/\\\/ww2.efax.com\\\/fr\\\/affilie\",\"name\":\"Accords de partenariat avec eFax\",\"isPartOf\":{\"@id\":\"https:\\\/\\\/ww2.efax.com\\\/fr\\\/#website\"},\"primaryImageOfPage\":{\"@id\":\"https:\\\/\\\/ww2.efax.com\\\/fr\\\/affilie#primaryimage\"},\"image\":{\"@id\":\"https:\\\/\\\/ww2.efax.com\\\/fr\\\/affilie#primaryimage\"},\"thumbnailUrl\":\"https:\\\/\\\/ww2.efax.com\\\/fr\\\/wp-content\\\/uploads\\\/sites\\\/11\\\/2022\\\/01\\\/efax-swirl.png\",\"datePublished\":\"2022-06-30T12:08:05+00:00\",\"dateModified\":\"2023-02-08T19:35:12+00:00\",\"description\":\"Avec plus 11 millions d'abonn\u00e9s, eFax\u00ae est le premier r\u00e9seau de fax par Internet, offrant des num\u00e9ros de fax dans 3.800 villes et 49 pays \u00e0 travers le monde.\",\"breadcrumb\":{\"@id\":\"https:\\\/\\\/ww2.efax.com\\\/fr\\\/affilie#breadcrumb\"},\"inLanguage\":\"en-US\",\"potentialAction\":[{\"@type\":\"ReadAction\",\"target\":[\"https:\\\/\\\/ww2.efax.com\\\/fr\\\/affilie\"]}]},{\"@type\":\"ImageObject\",\"inLanguage\":\"en-US\",\"@id\":\"https:\\\/\\\/ww2.efax.com\\\/fr\\\/affilie#primaryimage\",\"url\":\"https:\\\/\\\/ww2.efax.com\\\/fr\\\/wp-content\\\/uploads\\\/sites\\\/11\\\/2022\\\/01\\\/efax-swirl.png\",\"contentUrl\":\"https:\\\/\\\/ww2.efax.com\\\/fr\\\/wp-content\\\/uploads\\\/sites\\\/11\\\/2022\\\/01\\\/efax-swirl.png\",\"width\":42,\"height\":36,\"caption\":\"graphic-green-check\"},{\"@type\":\"BreadcrumbList\",\"@id\":\"https:\\\/\\\/ww2.efax.com\\\/fr\\\/affilie#breadcrumb\",\"itemListElement\":[{\"@type\":\"ListItem\",\"position\":1,\"name\":\"Home\",\"item\":\"https:\\\/\\\/ww2.efax.com\\\/fr\\\/\"},{\"@type\":\"ListItem\",\"position\":2,\"name\":\"Affilie\"}]},{\"@type\":\"WebSite\",\"@id\":\"https:\\\/\\\/ww2.efax.com\\\/fr\\\/#website\",\"url\":\"https:\\\/\\\/ww2.efax.com\\\/fr\\\/\",\"name\":\"eFax FR\",\"description\":\"Just another eFax site\",\"publisher\":{\"@id\":\"https:\\\/\\\/ww2.efax.com\\\/fr\\\/#organization\"},\"potentialAction\":[{\"@type\":\"SearchAction\",\"target\":{\"@type\":\"EntryPoint\",\"urlTemplate\":\"https:\\\/\\\/ww2.efax.com\\\/fr\\\/?s={search_term_string}\"},\"query-input\":{\"@type\":\"PropertyValueSpecification\",\"valueRequired\":true,\"valueName\":\"search_term_string\"}}],\"inLanguage\":\"en-US\"},{\"@type\":\"Organization\",\"@id\":\"https:\\\/\\\/ww2.efax.com\\\/fr\\\/#organization\",\"name\":\"eFax FR\",\"url\":\"https:\\\/\\\/ww2.efax.com\\\/fr\\\/\",\"logo\":{\"@type\":\"ImageObject\",\"inLanguage\":\"en-US\",\"@id\":\"https:\\\/\\\/ww2.efax.com\\\/fr\\\/#\\\/schema\\\/logo\\\/image\\\/\",\"url\":\"https:\\\/\\\/ww2.efax.com\\\/fr\\\/wp-content\\\/uploads\\\/sites\\\/11\\\/2022\\\/01\\\/logo-efax.png\",\"contentUrl\":\"https:\\\/\\\/ww2.efax.com\\\/fr\\\/wp-content\\\/uploads\\\/sites\\\/11\\\/2022\\\/01\\\/logo-efax.png\",\"width\":2370,\"height\":749,\"caption\":\"eFax FR\"},\"image\":{\"@id\":\"https:\\\/\\\/ww2.efax.com\\\/fr\\\/#\\\/schema\\\/logo\\\/image\\\/\"}}]}<\/script>\n<!-- \/ Yoast SEO plugin. -->","yoast_head_json":{"title":"Accords de partenariat avec eFax","description":"Avec plus 11 millions d'abonn\u00e9s, eFax\u00ae est le premier r\u00e9seau de fax par Internet, offrant des num\u00e9ros de fax dans 3.800 villes et 49 pays \u00e0 travers le monde.","robots":{"index":"index","follow":"follow","max-snippet":"max-snippet:-1","max-image-preview":"max-image-preview:large","max-video-preview":"max-video-preview:-1"},"canonical":"https:\/\/ww2.efax.com\/fr\/affilie","og_locale":"en_US","og_type":"article","og_title":"Accords de partenariat avec eFax","og_description":"Avec plus 11 millions d'abonn\u00e9s, eFax\u00ae est le premier r\u00e9seau de fax par Internet, offrant des num\u00e9ros de fax dans 3.800 villes et 49 pays \u00e0 travers le monde.","og_url":"https:\/\/ww2.efax.com\/fr\/affilie","og_site_name":"eFax FR","article_modified_time":"2023-02-08T19:35:12+00:00","og_image":[{"url":"https:\/\/ww2.efax.com\/fr\/wp-content\/uploads\/sites\/11\/2022\/01\/efax-swirl.png","type":"","width":"","height":""}],"twitter_card":"summary_large_image","twitter_misc":{"Est. reading time":"2 minutes"},"schema":{"@context":"https:\/\/schema.org","@graph":[{"@type":"WebPage","@id":"https:\/\/ww2.efax.com\/fr\/affilie","url":"https:\/\/ww2.efax.com\/fr\/affilie","name":"Accords de partenariat avec eFax","isPartOf":{"@id":"https:\/\/ww2.efax.com\/fr\/#website"},"primaryImageOfPage":{"@id":"https:\/\/ww2.efax.com\/fr\/affilie#primaryimage"},"image":{"@id":"https:\/\/ww2.efax.com\/fr\/affilie#primaryimage"},"thumbnailUrl":"https:\/\/ww2.efax.com\/fr\/wp-content\/uploads\/sites\/11\/2022\/01\/efax-swirl.png","datePublished":"2022-06-30T12:08:05+00:00","dateModified":"2023-02-08T19:35:12+00:00","description":"Avec plus 11 millions d'abonn\u00e9s, eFax\u00ae est le premier r\u00e9seau de fax par Internet, offrant des num\u00e9ros de fax dans 3.800 villes et 49 pays \u00e0 travers le monde.","breadcrumb":{"@id":"https:\/\/ww2.efax.com\/fr\/affilie#breadcrumb"},"inLanguage":"en-US","potentialAction":[{"@type":"ReadAction","target":["https:\/\/ww2.efax.com\/fr\/affilie"]}]},{"@type":"ImageObject","inLanguage":"en-US","@id":"https:\/\/ww2.efax.com\/fr\/affilie#primaryimage","url":"https:\/\/ww2.efax.com\/fr\/wp-content\/uploads\/sites\/11\/2022\/01\/efax-swirl.png","contentUrl":"https:\/\/ww2.efax.com\/fr\/wp-content\/uploads\/sites\/11\/2022\/01\/efax-swirl.png","width":42,"height":36,"caption":"graphic-green-check"},{"@type":"BreadcrumbList","@id":"https:\/\/ww2.efax.com\/fr\/affilie#breadcrumb","itemListElement":[{"@type":"ListItem","position":1,"name":"Home","item":"https:\/\/ww2.efax.com\/fr\/"},{"@type":"ListItem","position":2,"name":"Affilie"}]},{"@type":"WebSite","@id":"https:\/\/ww2.efax.com\/fr\/#website","url":"https:\/\/ww2.efax.com\/fr\/","name":"eFax FR","description":"Just another eFax site","publisher":{"@id":"https:\/\/ww2.efax.com\/fr\/#organization"},"potentialAction":[{"@type":"SearchAction","target":{"@type":"EntryPoint","urlTemplate":"https:\/\/ww2.efax.com\/fr\/?s={search_term_string}"},"query-input":{"@type":"PropertyValueSpecification","valueRequired":true,"valueName":"search_term_string"}}],"inLanguage":"en-US"},{"@type":"Organization","@id":"https:\/\/ww2.efax.com\/fr\/#organization","name":"eFax FR","url":"https:\/\/ww2.efax.com\/fr\/","logo":{"@type":"ImageObject","inLanguage":"en-US","@id":"https:\/\/ww2.efax.com\/fr\/#\/schema\/logo\/image\/","url":"https:\/\/ww2.efax.com\/fr\/wp-content\/uploads\/sites\/11\/2022\/01\/logo-efax.png","contentUrl":"https:\/\/ww2.efax.com\/fr\/wp-content\/uploads\/sites\/11\/2022\/01\/logo-efax.png","width":2370,"height":749,"caption":"eFax FR"},"image":{"@id":"https:\/\/ww2.efax.com\/fr\/#\/schema\/logo\/image\/"}}]}},"_links":{"self":[{"href":"https:\/\/ww2.efax.com\/fr\/wp-json\/wp\/v2\/pages\/1007","targetHints":{"allow":["GET"]}}],"collection":[{"href":"https:\/\/ww2.efax.com\/fr\/wp-json\/wp\/v2\/pages"}],"about":[{"href":"https:\/\/ww2.efax.com\/fr\/wp-json\/wp\/v2\/types\/page"}],"author":[{"embeddable":true,"href":"https:\/\/ww2.efax.com\/fr\/wp-json\/wp\/v2\/users\/1"}],"replies":[{"embeddable":true,"href":"https:\/\/ww2.efax.com\/fr\/wp-json\/wp\/v2\/comments?post=1007"}],"version-history":[{"count":0,"href":"https:\/\/ww2.efax.com\/fr\/wp-json\/wp\/v2\/pages\/1007\/revisions"}],"wp:attachment":[{"href":"https:\/\/ww2.efax.com\/fr\/wp-json\/wp\/v2\/media?parent=1007"}],"curies":[{"name":"wp","href":"https:\/\/api.w.org\/{rel}","templated":true}]}}