{"id":55,"date":"2022-01-24T09:42:11","date_gmt":"2022-01-24T09:42:11","guid":{"rendered":"https:\/\/efaxstg.wpengine.com\/?page_id=55"},"modified":"2023-11-14T18:49:02","modified_gmt":"2023-11-14T18:49:02","slug":"contacto","status":"publish","type":"page","link":"https:\/\/ww2.efax.com\/es\/contacto","title":{"rendered":"Contact Us"},"content":{"rendered":"\t\t<div data-elementor-type=\"wp-page\" data-elementor-id=\"55\" class=\"elementor elementor-55\" data-elementor-post-type=\"page\">\n\t\t\t\t\t\t<section class=\"elementor-section elementor-top-section elementor-element elementor-element-7b5e81b elementor-section-boxed elementor-section-height-default elementor-section-height-default\" data-id=\"7b5e81b\" data-element_type=\"section\" data-e-type=\"section\" data-settings=\"{&quot;background_background&quot;:&quot;classic&quot;}\">\n\t\t\t\t\t\t<div class=\"elementor-container elementor-column-gap-default\">\n\t\t\t\t\t<div class=\"elementor-column elementor-col-50 elementor-top-column elementor-element elementor-element-9e15261\" data-id=\"9e15261\" data-element_type=\"column\" data-e-type=\"column\">\n\t\t\t<div class=\"elementor-widget-wrap elementor-element-populated\">\n\t\t\t\t\t\t<div class=\"elementor-element elementor-element-1fc5f1f elementor-widget elementor-widget-heading\" data-id=\"1fc5f1f\" data-element_type=\"widget\" data-e-type=\"widget\" data-widget_type=\"heading.default\">\n\t\t\t\t<div class=\"elementor-widget-container\">\n\t\t\t\t\t<h1 class=\"elementor-heading-title elementor-size-default\">Contactar con eFax<\/h1>\t\t\t\t<\/div>\n\t\t\t\t<\/div>\n\t\t\t\t\t<\/div>\n\t\t<\/div>\n\t\t\t\t<div class=\"elementor-column elementor-col-50 elementor-top-column elementor-element elementor-element-0df2f89\" data-id=\"0df2f89\" data-element_type=\"column\" data-e-type=\"column\">\n\t\t\t<div class=\"elementor-widget-wrap\">\n\t\t\t\t\t\t\t<\/div>\n\t\t<\/div>\n\t\t\t\t\t<\/div>\n\t\t<\/section>\n\t\t\t\t<section class=\"elementor-section elementor-top-section elementor-element elementor-element-70983cb elementor-section-boxed elementor-section-height-default elementor-section-height-default\" data-id=\"70983cb\" data-element_type=\"section\" data-e-type=\"section\">\n\t\t\t\t\t\t<div class=\"elementor-container elementor-column-gap-default\">\n\t\t\t\t\t<div class=\"elementor-column elementor-col-100 elementor-top-column elementor-element elementor-element-bd4d929\" data-id=\"bd4d929\" data-element_type=\"column\" data-e-type=\"column\">\n\t\t\t<div class=\"elementor-widget-wrap elementor-element-populated\">\n\t\t\t\t\t\t<section class=\"elementor-section elementor-inner-section elementor-element elementor-element-d137223 elementor-reverse-mobile elementor-section-boxed elementor-section-height-default elementor-section-height-default\" data-id=\"d137223\" data-element_type=\"section\" data-e-type=\"section\">\n\t\t\t\t\t\t<div class=\"elementor-container elementor-column-gap-default\">\n\t\t\t\t\t<div class=\"elementor-column elementor-col-50 elementor-inner-column elementor-element elementor-element-86c219a order-2\" data-id=\"86c219a\" data-element_type=\"column\" data-e-type=\"column\">\n\t\t\t<div class=\"elementor-widget-wrap elementor-element-populated\">\n\t\t\t\t\t\t<div class=\"elementor-element elementor-element-1223169 elementor-widget elementor-widget-heading\" data-id=\"1223169\" data-element_type=\"widget\" data-e-type=\"widget\" data-widget_type=\"heading.default\">\n\t\t\t\t<div class=\"elementor-widget-container\">\n\t\t\t\t\t<p class=\"elementor-heading-title elementor-size-default\">Email<\/p>\t\t\t\t<\/div>\n\t\t\t\t<\/div>\n\t\t\t\t<div class=\"elementor-element elementor-element-3305036 link-blue elementor-widget elementor-widget-heading\" data-id=\"3305036\" data-element_type=\"widget\" data-e-type=\"widget\" data-widget_type=\"heading.default\">\n\t\t\t\t<div class=\"elementor-widget-container\">\n\t\t\t\t\t<p class=\"elementor-heading-title elementor-size-default\"><a href=\"mailto:ventas@mail.efax.com\">ventas@mail.efax.com<\/a><\/p>\t\t\t\t<\/div>\n\t\t\t\t<\/div>\n\t\t\t\t<div class=\"elementor-element elementor-element-17f9a65 elementor-widget elementor-widget-heading\" data-id=\"17f9a65\" data-element_type=\"widget\" data-e-type=\"widget\" data-widget_type=\"heading.default\">\n\t\t\t\t<div class=\"elementor-widget-container\">\n\t\t\t\t\t<p class=\"elementor-heading-title elementor-size-default\">Tel\u00e9fono:<\/p>\t\t\t\t<\/div>\n\t\t\t\t<\/div>\n\t\t\t\t<div class=\"elementor-element elementor-element-4b83e53 elementor-widget elementor-widget-heading\" data-id=\"4b83e53\" data-element_type=\"widget\" data-e-type=\"widget\" data-widget_type=\"heading.default\">\n\t\t\t\t<div class=\"elementor-widget-container\">\n\t\t\t\t\t<p class=\"elementor-heading-title elementor-size-default\">+34 900811915<\/p>\t\t\t\t<\/div>\n\t\t\t\t<\/div>\n\t\t\t\t<div class=\"elementor-element elementor-element-3c69ee5 elementor-widget elementor-widget-heading\" data-id=\"3c69ee5\" data-element_type=\"widget\" data-e-type=\"widget\" data-widget_type=\"heading.default\">\n\t\t\t\t<div class=\"elementor-widget-container\">\n\t\t\t\t\t<p class=\"elementor-heading-title elementor-size-default\">\u00bfLlama desde otro pa\u00eds?<\/p>\t\t\t\t<\/div>\n\t\t\t\t<\/div>\n\t\t\t\t<div class=\"elementor-element elementor-element-56bc13a elementor-widget elementor-widget-heading\" data-id=\"56bc13a\" data-element_type=\"widget\" data-e-type=\"widget\" data-widget_type=\"heading.default\">\n\t\t\t\t<div class=\"elementor-widget-container\">\n\t\t\t\t\t<p class=\"elementor-heading-title elementor-size-default\">+353 1 656 4909<\/p>\t\t\t\t<\/div>\n\t\t\t\t<\/div>\n\t\t\t\t\t<\/div>\n\t\t<\/div>\n\t\t\t\t<div class=\"elementor-column elementor-col-50 elementor-inner-column elementor-element elementor-element-645f186 order-1\" data-id=\"645f186\" data-element_type=\"column\" data-e-type=\"column\">\n\t\t\t<div class=\"elementor-widget-wrap elementor-element-populated\">\n\t\t\t\t\t\t<div class=\"elementor-element elementor-element-1f9292d elementor-widget elementor-widget-heading\" data-id=\"1f9292d\" data-element_type=\"widget\" data-e-type=\"widget\" data-widget_type=\"heading.default\">\n\t\t\t\t<div class=\"elementor-widget-container\">\n\t\t\t\t\t<p class=\"elementor-heading-title elementor-size-default\">Direcci\u00f3n postal<\/p>\t\t\t\t<\/div>\n\t\t\t\t<\/div>\n\t\t\t\t<div class=\"elementor-element elementor-element-0a08ccf elementor-widget elementor-widget-heading\" data-id=\"0a08ccf\" data-element_type=\"widget\" data-e-type=\"widget\" data-widget_type=\"heading.default\">\n\t\t\t\t<div class=\"elementor-widget-container\">\n\t\t\t\t\t<p class=\"elementor-heading-title elementor-size-default\"><strong>Consensus Cloud Solutions International Ltd.<\/strong><br>\nEuropean Headquarters<br>\nUnit 3, Woodford Business Park<br>\nSantry<br>\nDublin 17<br>\nIreland<\/p>\t\t\t\t<\/div>\n\t\t\t\t<\/div>\n\t\t\t\t\t<\/div>\n\t\t<\/div>\n\t\t\t\t\t<\/div>\n\t\t<\/section>\n\t\t\t\t\t<\/div>\n\t\t<\/div>\n\t\t\t\t\t<\/div>\n\t\t<\/section>\n\t\t\t\t<\/div>\n\t\t","protected":false},"excerpt":{"rendered":"<p>Contactar con eFax Email ventas@mail.efax.com Tel\u00e9fono: +34 900811915 \u00bfLlama desde otro pa\u00eds? +353 1 656 4909 Direcci\u00f3n postal Consensus Cloud Solutions International Ltd. European Headquarters Unit 3, Woodford Business Park Santry Dublin 17 Ireland<\/p>\n","protected":false},"author":1,"featured_media":0,"parent":0,"menu_order":0,"comment_status":"closed","ping_status":"closed","template":"","meta":{"_acf_changed":false,"footnotes":""},"class_list":["post-55","page","type-page","status-publish","hentry"],"acf":[],"yoast_head":"<!-- This site is optimized with the Yoast SEO plugin v27.4 - https:\/\/yoast.com\/product\/yoast-seo-wordpress\/ -->\n<title>Cont\u00e1ctenos | C\u00f3mo ponerse en contacto con eFax<\/title>\n<meta name=\"description\" content=\"Tiene preguntas sobre nuestros servicios premium de fax por Internet o desea registrarse para obtener una cuenta nueva de eFax? Comun\u00edquese con el l\u00edder mundial en faxes en l\u00ednea por correo electr\u00f3nico, tel\u00e9fono o correo postal. \u00a1Cont\u00e1ctenos hoy y le responderemos lo antes posible!\" \/>\n<meta name=\"robots\" content=\"index, follow, max-snippet:-1, max-image-preview:large, max-video-preview:-1\" \/>\n<link rel=\"canonical\" href=\"https:\/\/ww2.efax.com\/es\/contacto\" \/>\n<meta property=\"og:locale\" content=\"en_US\" \/>\n<meta property=\"og:type\" content=\"article\" \/>\n<meta property=\"og:title\" content=\"Cont\u00e1ctenos | C\u00f3mo ponerse en contacto con eFax\" \/>\n<meta property=\"og:description\" content=\"Tiene preguntas sobre nuestros servicios premium de fax por Internet o desea registrarse para obtener una cuenta nueva de eFax? Comun\u00edquese con el l\u00edder mundial en faxes en l\u00ednea por correo electr\u00f3nico, tel\u00e9fono o correo postal. \u00a1Cont\u00e1ctenos hoy y le responderemos lo antes posible!\" \/>\n<meta property=\"og:url\" content=\"https:\/\/ww2.efax.com\/es\/contacto\" \/>\n<meta property=\"og:site_name\" content=\"eFax ES\" \/>\n<meta property=\"article:modified_time\" content=\"2023-11-14T18:49:02+00:00\" \/>\n<meta name=\"twitter:card\" content=\"summary_large_image\" \/>\n<meta name=\"twitter:label1\" content=\"Est. reading time\" \/>\n\t<meta name=\"twitter:data1\" content=\"1 minute\" \/>\n<script type=\"application\/ld+json\" class=\"yoast-schema-graph\">{\"@context\":\"https:\\\/\\\/schema.org\",\"@graph\":[{\"@type\":\"WebPage\",\"@id\":\"https:\\\/\\\/ww2.efax.com\\\/es\\\/contacto\",\"url\":\"https:\\\/\\\/ww2.efax.com\\\/es\\\/contacto\",\"name\":\"Cont\u00e1ctenos | C\u00f3mo ponerse en contacto con eFax\",\"isPartOf\":{\"@id\":\"https:\\\/\\\/ww2.efax.com\\\/es\\\/#website\"},\"datePublished\":\"2022-01-24T09:42:11+00:00\",\"dateModified\":\"2023-11-14T18:49:02+00:00\",\"description\":\"Tiene preguntas sobre nuestros servicios premium de fax por Internet o desea registrarse para obtener una cuenta nueva de eFax? Comun\u00edquese con el l\u00edder mundial en faxes en l\u00ednea por correo electr\u00f3nico, tel\u00e9fono o correo postal. \u00a1Cont\u00e1ctenos hoy y le responderemos lo antes posible!\",\"breadcrumb\":{\"@id\":\"https:\\\/\\\/ww2.efax.com\\\/es\\\/contacto#breadcrumb\"},\"inLanguage\":\"en-US\",\"potentialAction\":[{\"@type\":\"ReadAction\",\"target\":[\"https:\\\/\\\/ww2.efax.com\\\/es\\\/contacto\"]}]},{\"@type\":\"BreadcrumbList\",\"@id\":\"https:\\\/\\\/ww2.efax.com\\\/es\\\/contacto#breadcrumb\",\"itemListElement\":[{\"@type\":\"ListItem\",\"position\":1,\"name\":\"Home\",\"item\":\"https:\\\/\\\/ww2.efax.com\\\/es\\\/\"},{\"@type\":\"ListItem\",\"position\":2,\"name\":\"Contact Us\"}]},{\"@type\":\"WebSite\",\"@id\":\"https:\\\/\\\/ww2.efax.com\\\/es\\\/#website\",\"url\":\"https:\\\/\\\/ww2.efax.com\\\/es\\\/\",\"name\":\"eFax ES\",\"description\":\"Just another eFax site\",\"publisher\":{\"@id\":\"https:\\\/\\\/ww2.efax.com\\\/es\\\/#organization\"},\"potentialAction\":[{\"@type\":\"SearchAction\",\"target\":{\"@type\":\"EntryPoint\",\"urlTemplate\":\"https:\\\/\\\/ww2.efax.com\\\/es\\\/?s={search_term_string}\"},\"query-input\":{\"@type\":\"PropertyValueSpecification\",\"valueRequired\":true,\"valueName\":\"search_term_string\"}}],\"inLanguage\":\"en-US\"},{\"@type\":\"Organization\",\"@id\":\"https:\\\/\\\/ww2.efax.com\\\/es\\\/#organization\",\"name\":\"eFax ES\",\"url\":\"https:\\\/\\\/ww2.efax.com\\\/es\\\/\",\"logo\":{\"@type\":\"ImageObject\",\"inLanguage\":\"en-US\",\"@id\":\"https:\\\/\\\/ww2.efax.com\\\/es\\\/#\\\/schema\\\/logo\\\/image\\\/\",\"url\":\"https:\\\/\\\/ww2.efax.com\\\/es\\\/wp-content\\\/uploads\\\/sites\\\/10\\\/2025\\\/11\\\/eFax_logo_R_fullColor_cropped.png\",\"contentUrl\":\"https:\\\/\\\/ww2.efax.com\\\/es\\\/wp-content\\\/uploads\\\/sites\\\/10\\\/2025\\\/11\\\/eFax_logo_R_fullColor_cropped.png\",\"width\":2370,\"height\":749,\"caption\":\"eFax ES\"},\"image\":{\"@id\":\"https:\\\/\\\/ww2.efax.com\\\/es\\\/#\\\/schema\\\/logo\\\/image\\\/\"}}]}<\/script>\n<!-- \/ Yoast SEO plugin. -->","yoast_head_json":{"title":"Cont\u00e1ctenos | C\u00f3mo ponerse en contacto con eFax","description":"Tiene preguntas sobre nuestros servicios premium de fax por Internet o desea registrarse para obtener una cuenta nueva de eFax? Comun\u00edquese con el l\u00edder mundial en faxes en l\u00ednea por correo electr\u00f3nico, tel\u00e9fono o correo postal. \u00a1Cont\u00e1ctenos hoy y le responderemos lo antes posible!","robots":{"index":"index","follow":"follow","max-snippet":"max-snippet:-1","max-image-preview":"max-image-preview:large","max-video-preview":"max-video-preview:-1"},"canonical":"https:\/\/ww2.efax.com\/es\/contacto","og_locale":"en_US","og_type":"article","og_title":"Cont\u00e1ctenos | C\u00f3mo ponerse en contacto con eFax","og_description":"Tiene preguntas sobre nuestros servicios premium de fax por Internet o desea registrarse para obtener una cuenta nueva de eFax? Comun\u00edquese con el l\u00edder mundial en faxes en l\u00ednea por correo electr\u00f3nico, tel\u00e9fono o correo postal. \u00a1Cont\u00e1ctenos hoy y le responderemos lo antes posible!","og_url":"https:\/\/ww2.efax.com\/es\/contacto","og_site_name":"eFax ES","article_modified_time":"2023-11-14T18:49:02+00:00","twitter_card":"summary_large_image","twitter_misc":{"Est. reading time":"1 minute"},"schema":{"@context":"https:\/\/schema.org","@graph":[{"@type":"WebPage","@id":"https:\/\/ww2.efax.com\/es\/contacto","url":"https:\/\/ww2.efax.com\/es\/contacto","name":"Cont\u00e1ctenos | C\u00f3mo ponerse en contacto con eFax","isPartOf":{"@id":"https:\/\/ww2.efax.com\/es\/#website"},"datePublished":"2022-01-24T09:42:11+00:00","dateModified":"2023-11-14T18:49:02+00:00","description":"Tiene preguntas sobre nuestros servicios premium de fax por Internet o desea registrarse para obtener una cuenta nueva de eFax? Comun\u00edquese con el l\u00edder mundial en faxes en l\u00ednea por correo electr\u00f3nico, tel\u00e9fono o correo postal. \u00a1Cont\u00e1ctenos hoy y le responderemos lo antes posible!","breadcrumb":{"@id":"https:\/\/ww2.efax.com\/es\/contacto#breadcrumb"},"inLanguage":"en-US","potentialAction":[{"@type":"ReadAction","target":["https:\/\/ww2.efax.com\/es\/contacto"]}]},{"@type":"BreadcrumbList","@id":"https:\/\/ww2.efax.com\/es\/contacto#breadcrumb","itemListElement":[{"@type":"ListItem","position":1,"name":"Home","item":"https:\/\/ww2.efax.com\/es\/"},{"@type":"ListItem","position":2,"name":"Contact Us"}]},{"@type":"WebSite","@id":"https:\/\/ww2.efax.com\/es\/#website","url":"https:\/\/ww2.efax.com\/es\/","name":"eFax ES","description":"Just another eFax site","publisher":{"@id":"https:\/\/ww2.efax.com\/es\/#organization"},"potentialAction":[{"@type":"SearchAction","target":{"@type":"EntryPoint","urlTemplate":"https:\/\/ww2.efax.com\/es\/?s={search_term_string}"},"query-input":{"@type":"PropertyValueSpecification","valueRequired":true,"valueName":"search_term_string"}}],"inLanguage":"en-US"},{"@type":"Organization","@id":"https:\/\/ww2.efax.com\/es\/#organization","name":"eFax ES","url":"https:\/\/ww2.efax.com\/es\/","logo":{"@type":"ImageObject","inLanguage":"en-US","@id":"https:\/\/ww2.efax.com\/es\/#\/schema\/logo\/image\/","url":"https:\/\/ww2.efax.com\/es\/wp-content\/uploads\/sites\/10\/2025\/11\/eFax_logo_R_fullColor_cropped.png","contentUrl":"https:\/\/ww2.efax.com\/es\/wp-content\/uploads\/sites\/10\/2025\/11\/eFax_logo_R_fullColor_cropped.png","width":2370,"height":749,"caption":"eFax ES"},"image":{"@id":"https:\/\/ww2.efax.com\/es\/#\/schema\/logo\/image\/"}}]}},"_links":{"self":[{"href":"https:\/\/ww2.efax.com\/es\/wp-json\/wp\/v2\/pages\/55","targetHints":{"allow":["GET"]}}],"collection":[{"href":"https:\/\/ww2.efax.com\/es\/wp-json\/wp\/v2\/pages"}],"about":[{"href":"https:\/\/ww2.efax.com\/es\/wp-json\/wp\/v2\/types\/page"}],"author":[{"embeddable":true,"href":"https:\/\/ww2.efax.com\/es\/wp-json\/wp\/v2\/users\/1"}],"replies":[{"embeddable":true,"href":"https:\/\/ww2.efax.com\/es\/wp-json\/wp\/v2\/comments?post=55"}],"version-history":[{"count":0,"href":"https:\/\/ww2.efax.com\/es\/wp-json\/wp\/v2\/pages\/55\/revisions"}],"wp:attachment":[{"href":"https:\/\/ww2.efax.com\/es\/wp-json\/wp\/v2\/media?parent=55"}],"curies":[{"name":"wp","href":"https:\/\/api.w.org\/{rel}","templated":true}]}}