{"id":47,"date":"2022-01-24T09:34:20","date_gmt":"2022-01-24T09:34:20","guid":{"rendered":"https:\/\/efaxstg.wpengine.com\/?page_id=47"},"modified":"2023-11-14T18:41:29","modified_gmt":"2023-11-14T18:41:29","slug":"uber-efax","status":"publish","type":"page","link":"https:\/\/ww2.efax.com\/de\/uber-efax","title":{"rendered":"\u00dcber uns"},"content":{"rendered":"\t\t<div data-elementor-type=\"wp-page\" data-elementor-id=\"47\" class=\"elementor elementor-47\" data-elementor-post-type=\"page\">\n\t\t\t\t\t\t<section class=\"elementor-section elementor-top-section elementor-element elementor-element-d606f4b elementor-section-boxed elementor-section-height-default elementor-section-height-default\" data-id=\"d606f4b\" data-element_type=\"section\" data-e-type=\"section\" data-settings=\"{&quot;background_background&quot;:&quot;classic&quot;}\">\n\t\t\t\t\t\t<div class=\"elementor-container elementor-column-gap-default\">\n\t\t\t\t\t<div class=\"elementor-column elementor-col-50 elementor-top-column elementor-element elementor-element-ea5ae41\" data-id=\"ea5ae41\" data-element_type=\"column\" data-e-type=\"column\">\n\t\t\t<div class=\"elementor-widget-wrap\">\n\t\t\t\t\t\t\t<\/div>\n\t\t<\/div>\n\t\t\t\t<div class=\"elementor-column elementor-col-50 elementor-top-column elementor-element elementor-element-5bd5db7\" data-id=\"5bd5db7\" data-element_type=\"column\" data-e-type=\"column\">\n\t\t\t<div class=\"elementor-widget-wrap\">\n\t\t\t\t\t\t\t<\/div>\n\t\t<\/div>\n\t\t\t\t\t<\/div>\n\t\t<\/section>\n\t\t\t\t<section class=\"elementor-section elementor-top-section elementor-element elementor-element-117911d elementor-section-boxed elementor-section-height-default elementor-section-height-default\" data-id=\"117911d\" data-element_type=\"section\" data-e-type=\"section\" data-settings=\"{&quot;background_background&quot;:&quot;classic&quot;}\">\n\t\t\t\t\t\t<div class=\"elementor-container elementor-column-gap-default\">\n\t\t\t\t\t<div class=\"elementor-column elementor-col-100 elementor-top-column elementor-element elementor-element-caf14c3\" data-id=\"caf14c3\" data-element_type=\"column\" data-e-type=\"column\">\n\t\t\t<div class=\"elementor-widget-wrap elementor-element-populated\">\n\t\t\t\t\t\t<div class=\"elementor-element elementor-element-4563c3c elementor-widget elementor-widget-heading\" data-id=\"4563c3c\" data-element_type=\"widget\" data-e-type=\"widget\" data-widget_type=\"heading.default\">\n\t\t\t\t<div class=\"elementor-widget-container\">\n\t\t\t\t\t<h1 class=\"elementor-heading-title elementor-size-default\">\u00dcber uns\n<\/h1>\t\t\t\t<\/div>\n\t\t\t\t<\/div>\n\t\t\t\t<section class=\"elementor-section elementor-inner-section elementor-element elementor-element-72570d2 elementor-section-boxed elementor-section-height-default elementor-section-height-default\" data-id=\"72570d2\" data-element_type=\"section\" data-e-type=\"section\">\n\t\t\t\t\t\t<div class=\"elementor-container elementor-column-gap-default\">\n\t\t\t\t\t<div class=\"elementor-column elementor-col-50 elementor-inner-column elementor-element elementor-element-5fafeb5\" data-id=\"5fafeb5\" data-element_type=\"column\" data-e-type=\"column\">\n\t\t\t<div class=\"elementor-widget-wrap elementor-element-populated\">\n\t\t\t\t\t\t<div class=\"elementor-element elementor-element-65ca949 elementor-widget elementor-widget-heading\" data-id=\"65ca949\" data-element_type=\"widget\" data-e-type=\"widget\" data-widget_type=\"heading.default\">\n\t\t\t\t<div class=\"elementor-widget-container\">\n\t\t\t\t\t<p class=\"elementor-heading-title elementor-size-default\">eFax hat seinen Internet-Faxdienst mit dem Ziel entwickelt, die Vorteile der Nutzung von E-Mail-Systemen mit der Geschwindigkeit des Internets dazu zu verwenden, das Senden und Empfangen von Faxen f\u00fcr seine Kunden zu vereinfachen. eFax ist stark gewachsen und zu einem der weltweit gr\u00f6\u00dften Anbieter webbasierter Nachrichten-Services geworden. Fax per E-Mail wird mittlerweile von mehr als 11 Millionen Abonnenten genutzt. Unser Streben und Erfolg gr\u00fcnden auf den folgenden Schl\u00fcsselfunktionen: der weltweit gr\u00f6\u00dften Auswahl an verf\u00fcgbaren Telefonnummern, einem einfachen und intuitiven Weg, Faxe und Voicemails zu empfangen und einem schnellen, zuverl\u00e4ssigen und sicheren Kommunikationsnetzwerk.\n\n<\/p>\t\t\t\t<\/div>\n\t\t\t\t<\/div>\n\t\t\t\t\t<\/div>\n\t\t<\/div>\n\t\t\t\t<div class=\"elementor-column elementor-col-50 elementor-inner-column elementor-element elementor-element-20079e1\" data-id=\"20079e1\" data-element_type=\"column\" data-e-type=\"column\">\n\t\t\t<div class=\"elementor-widget-wrap elementor-element-populated\">\n\t\t\t\t\t\t<div class=\"elementor-element elementor-element-d67325e elementor-widget elementor-widget-image\" data-id=\"d67325e\" data-element_type=\"widget\" data-e-type=\"widget\" data-widget_type=\"image.default\">\n\t\t\t\t<div class=\"elementor-widget-container\">\n\t\t\t\t\t\t\t\t\t\t\t\t\t\t\t<img fetchpriority=\"high\" decoding=\"async\" width=\"571\" height=\"249\" src=\"https:\/\/ww2.efax.com\/de\/wp-content\/uploads\/sites\/9\/2022\/01\/graphic-devices-2-1.png\" class=\"attachment-large size-large wp-image-174\" alt=\"graphic-devices-2\" srcset=\"https:\/\/ww2.efax.com\/de\/wp-content\/uploads\/sites\/9\/2022\/01\/graphic-devices-2-1.png 571w, https:\/\/ww2.efax.com\/de\/wp-content\/uploads\/sites\/9\/2022\/01\/graphic-devices-2-1-300x131.png 300w\" sizes=\"(max-width: 571px) 100vw, 571px\" \/>\t\t\t\t\t\t\t\t\t\t\t\t\t\t\t<\/div>\n\t\t\t\t<\/div>\n\t\t\t\t\t<\/div>\n\t\t<\/div>\n\t\t\t\t\t<\/div>\n\t\t<\/section>\n\t\t\t\t\t<\/div>\n\t\t<\/div>\n\t\t\t\t\t<\/div>\n\t\t<\/section>\n\t\t\t\t<section class=\"elementor-section elementor-top-section elementor-element elementor-element-2366589 elementor-reverse-mobile elementor-section-boxed elementor-section-height-default elementor-section-height-default\" data-id=\"2366589\" data-element_type=\"section\" data-e-type=\"section\">\n\t\t\t\t\t\t<div class=\"elementor-container elementor-column-gap-default\">\n\t\t\t\t\t<div class=\"elementor-column elementor-col-50 elementor-top-column elementor-element elementor-element-715e558 order-2\" data-id=\"715e558\" data-element_type=\"column\" data-e-type=\"column\">\n\t\t\t<div class=\"elementor-widget-wrap elementor-element-populated\">\n\t\t\t\t\t\t<div class=\"elementor-element elementor-element-16008c8 elementor-widget elementor-widget-image\" data-id=\"16008c8\" data-element_type=\"widget\" data-e-type=\"widget\" data-widget_type=\"image.default\">\n\t\t\t\t<div class=\"elementor-widget-container\">\n\t\t\t\t\t\t\t\t\t\t\t\t\t\t\t<img decoding=\"async\" width=\"445\" height=\"250\" src=\"https:\/\/ww2.efax.com\/de\/wp-content\/uploads\/sites\/9\/2022\/01\/img-phone-handsets.jpg\" class=\"attachment-large size-large wp-image-180\" alt=\"Vast inventory of numbers\" srcset=\"https:\/\/ww2.efax.com\/de\/wp-content\/uploads\/sites\/9\/2022\/01\/img-phone-handsets.jpg 445w, https:\/\/ww2.efax.com\/de\/wp-content\/uploads\/sites\/9\/2022\/01\/img-phone-handsets-300x169.jpg 300w\" sizes=\"(max-width: 445px) 100vw, 445px\" \/>\t\t\t\t\t\t\t\t\t\t\t\t\t\t\t<\/div>\n\t\t\t\t<\/div>\n\t\t\t\t\t<\/div>\n\t\t<\/div>\n\t\t\t\t<div class=\"elementor-column elementor-col-50 elementor-top-column elementor-element elementor-element-f4ef6b2 order-1\" data-id=\"f4ef6b2\" data-element_type=\"column\" data-e-type=\"column\">\n\t\t\t<div class=\"elementor-widget-wrap elementor-element-populated\">\n\t\t\t\t\t\t<div class=\"elementor-element elementor-element-12e42be elementor-widget elementor-widget-heading\" data-id=\"12e42be\" data-element_type=\"widget\" data-e-type=\"widget\" data-widget_type=\"heading.default\">\n\t\t\t\t<div class=\"elementor-widget-container\">\n\t\t\t\t\t<h3 class=\"elementor-heading-title elementor-size-default\">Riesiger Bestand an Nummern<\/h3>\t\t\t\t<\/div>\n\t\t\t\t<\/div>\n\t\t\t\t<div class=\"elementor-element elementor-element-3125fba elementor-widget elementor-widget-heading\" data-id=\"3125fba\" data-element_type=\"widget\" data-e-type=\"widget\" data-widget_type=\"heading.default\">\n\t\t\t\t<div class=\"elementor-widget-container\">\n\t\t\t\t\t<p class=\"elementor-heading-title elementor-size-default\">Unser riesiger Bestand an Nummern gew\u00e4hrleistet, dass Mitglieder die f\u00fcr sie am besten geeignete Faxnummer ausw\u00e4hlen k\u00f6nnen. eFax bietet derzeit Nummern in mehr als 3.500 Orten weltweit an, in 46 L\u00e4ndern auf 6 Kontinenten.<\/p>\t\t\t\t<\/div>\n\t\t\t\t<\/div>\n\t\t\t\t\t<\/div>\n\t\t<\/div>\n\t\t\t\t\t<\/div>\n\t\t<\/section>\n\t\t\t\t<section class=\"elementor-section elementor-top-section elementor-element elementor-element-9fe9507 elementor-section-boxed elementor-section-height-default elementor-section-height-default\" data-id=\"9fe9507\" data-element_type=\"section\" data-e-type=\"section\">\n\t\t\t\t\t\t<div class=\"elementor-container elementor-column-gap-default\">\n\t\t\t\t\t<div class=\"elementor-column elementor-col-50 elementor-top-column elementor-element elementor-element-5188858 order-1\" data-id=\"5188858\" data-element_type=\"column\" data-e-type=\"column\">\n\t\t\t<div class=\"elementor-widget-wrap elementor-element-populated\">\n\t\t\t\t\t\t<div class=\"elementor-element elementor-element-e9a4d1f elementor-widget elementor-widget-heading\" data-id=\"e9a4d1f\" data-element_type=\"widget\" data-e-type=\"widget\" data-widget_type=\"heading.default\">\n\t\t\t\t<div class=\"elementor-widget-container\">\n\t\t\t\t\t<h3 class=\"elementor-heading-title elementor-size-default\">Versenden Sie Faxe ganz einfach \u00fcber das Internet\n<\/h3>\t\t\t\t<\/div>\n\t\t\t\t<\/div>\n\t\t\t\t<div class=\"elementor-element elementor-element-035de37 elementor-widget elementor-widget-heading\" data-id=\"035de37\" data-element_type=\"widget\" data-e-type=\"widget\" data-widget_type=\"heading.default\">\n\t\t\t\t<div class=\"elementor-widget-container\">\n\t\t\t\t\t<p class=\"elementor-heading-title elementor-size-default\">Wir machen es unseren Kunden leicht, Faxe zu senden und zu empfangen. Wenn unsere Kunden Faxe erhalten, kommen sie als E-Mail-Anh\u00e4nge an, sodass sie \u00fcberall dort verf\u00fcgbar sind, wo unsere Kunden auf ihre E-Mail-Konten zugreifen k\u00f6nnen. Unsere Kunden senden ihre Faxe einfach, indem sie eine Datei oder ein gescanntes Dokument an eine E-Mail anh\u00e4ngen und die E-Mail an die Faxnummer des Empf\u00e4ngers senden.<\/p>\t\t\t\t<\/div>\n\t\t\t\t<\/div>\n\t\t\t\t\t<\/div>\n\t\t<\/div>\n\t\t\t\t<div class=\"elementor-column elementor-col-50 elementor-top-column elementor-element elementor-element-d46eb7e order-2\" data-id=\"d46eb7e\" data-element_type=\"column\" data-e-type=\"column\">\n\t\t\t<div class=\"elementor-widget-wrap elementor-element-populated\">\n\t\t\t\t\t\t<div class=\"elementor-element elementor-element-4608a41 elementor-widget elementor-widget-image\" data-id=\"4608a41\" data-element_type=\"widget\" data-e-type=\"widget\" data-widget_type=\"image.default\">\n\t\t\t\t<div class=\"elementor-widget-container\">\n\t\t\t\t\t\t\t\t\t\t\t\t\t\t\t<img decoding=\"async\" width=\"445\" height=\"250\" src=\"https:\/\/ww2.efax.com\/de\/wp-content\/uploads\/sites\/9\/2022\/01\/img-paper-planes.jpg\" class=\"attachment-large size-large wp-image-179\" alt=\"Easy Internet faxing and voicemail\" srcset=\"https:\/\/ww2.efax.com\/de\/wp-content\/uploads\/sites\/9\/2022\/01\/img-paper-planes.jpg 445w, https:\/\/ww2.efax.com\/de\/wp-content\/uploads\/sites\/9\/2022\/01\/img-paper-planes-300x169.jpg 300w\" sizes=\"(max-width: 445px) 100vw, 445px\" \/>\t\t\t\t\t\t\t\t\t\t\t\t\t\t\t<\/div>\n\t\t\t\t<\/div>\n\t\t\t\t\t<\/div>\n\t\t<\/div>\n\t\t\t\t\t<\/div>\n\t\t<\/section>\n\t\t\t\t<section class=\"elementor-section elementor-top-section elementor-element elementor-element-340f470 elementor-reverse-mobile elementor-section-boxed elementor-section-height-default elementor-section-height-default\" data-id=\"340f470\" data-element_type=\"section\" data-e-type=\"section\">\n\t\t\t\t\t\t<div class=\"elementor-container elementor-column-gap-default\">\n\t\t\t\t\t<div class=\"elementor-column elementor-col-50 elementor-top-column elementor-element elementor-element-edbd16d order-2\" data-id=\"edbd16d\" data-element_type=\"column\" data-e-type=\"column\">\n\t\t\t<div class=\"elementor-widget-wrap elementor-element-populated\">\n\t\t\t\t\t\t<div class=\"elementor-element elementor-element-cc6ebe2 elementor-widget elementor-widget-image\" data-id=\"cc6ebe2\" data-element_type=\"widget\" data-e-type=\"widget\" data-widget_type=\"image.default\">\n\t\t\t\t<div class=\"elementor-widget-container\">\n\t\t\t\t\t\t\t\t\t\t\t\t\t\t\t<img loading=\"lazy\" decoding=\"async\" width=\"445\" height=\"250\" src=\"https:\/\/ww2.efax.com\/de\/wp-content\/uploads\/sites\/9\/2022\/01\/img-e-lock-2.jpg\" class=\"attachment-large size-large wp-image-178\" alt=\"Fast, reliable, and secure communications network\" srcset=\"https:\/\/ww2.efax.com\/de\/wp-content\/uploads\/sites\/9\/2022\/01\/img-e-lock-2.jpg 445w, https:\/\/ww2.efax.com\/de\/wp-content\/uploads\/sites\/9\/2022\/01\/img-e-lock-2-300x169.jpg 300w\" sizes=\"(max-width: 445px) 100vw, 445px\" \/>\t\t\t\t\t\t\t\t\t\t\t\t\t\t\t<\/div>\n\t\t\t\t<\/div>\n\t\t\t\t\t<\/div>\n\t\t<\/div>\n\t\t\t\t<div class=\"elementor-column elementor-col-50 elementor-top-column elementor-element elementor-element-aa6be11 order-1\" data-id=\"aa6be11\" data-element_type=\"column\" data-e-type=\"column\">\n\t\t\t<div class=\"elementor-widget-wrap elementor-element-populated\">\n\t\t\t\t\t\t<div class=\"elementor-element elementor-element-f6c64f2 elementor-widget elementor-widget-heading\" data-id=\"f6c64f2\" data-element_type=\"widget\" data-e-type=\"widget\" data-widget_type=\"heading.default\">\n\t\t\t\t<div class=\"elementor-widget-container\">\n\t\t\t\t\t<h3 class=\"elementor-heading-title elementor-size-default\">Schnelles, zuverl\u00e4ssiges und sicheres Kommunikationsnetzwerk<\/h3>\t\t\t\t<\/div>\n\t\t\t\t<\/div>\n\t\t\t\t<div class=\"elementor-element elementor-element-374424d elementor-widget elementor-widget-heading\" data-id=\"374424d\" data-element_type=\"widget\" data-e-type=\"widget\" data-widget_type=\"heading.default\">\n\t\t\t\t<div class=\"elementor-widget-container\">\n\t\t\t\t\t<p class=\"elementor-heading-title elementor-size-default\">Unsere Kunden versenden und empfangen ihre Faxe \u00fcber unser weltweites Netzwerk mit den neusten Servergenerationen. Das eFax Netzwerk ist gesch\u00fctzt durch patentierte Firewall-, Redundanz- und Sicherheitstechnologien. Dadurch k\u00f6nnen Betriebszeiten von 99,5 Prozent, Laufzeiten von 2 bis 5 Minuten f\u00fcr mehr Faxe und eine unvergleichliche \u00dcbertragungssicherheit gew\u00e4hrleistet werden. Zahlende Mitglieder k\u00f6nnen sich einfach per E-Mail oder Telefon an unsere Kundenbetreuung wenden. Dabei werden 95 Prozent der \u00fcbermittelten Probleme innerhalb von 2 Minuten gel\u00f6st. <\/p>\t\t\t\t<\/div>\n\t\t\t\t<\/div>\n\t\t\t\t\t<\/div>\n\t\t<\/div>\n\t\t\t\t\t<\/div>\n\t\t<\/section>\n\t\t\t\t<section class=\"elementor-section elementor-top-section elementor-element elementor-element-8cfbf01 elementor-section-boxed elementor-section-height-default elementor-section-height-default\" data-id=\"8cfbf01\" data-element_type=\"section\" data-e-type=\"section\" data-settings=\"{&quot;background_background&quot;:&quot;classic&quot;}\">\n\t\t\t\t\t\t<div class=\"elementor-container elementor-column-gap-default\">\n\t\t\t\t\t<div class=\"elementor-column elementor-col-100 elementor-top-column elementor-element elementor-element-e75e894\" data-id=\"e75e894\" data-element_type=\"column\" data-e-type=\"column\">\n\t\t\t<div class=\"elementor-widget-wrap elementor-element-populated\">\n\t\t\t\t\t\t<div class=\"elementor-element elementor-element-a905cf8 elementor-widget__width-auto elementor-widget elementor-widget-heading\" data-id=\"a905cf8\" data-element_type=\"widget\" data-e-type=\"widget\" data-widget_type=\"heading.default\">\n\t\t\t\t<div class=\"elementor-widget-container\">\n\t\t\t\t\t<h3 class=\"elementor-heading-title elementor-size-default\">Keine Verpflichtung. Keine Startgeb\u00fchren. Kein Risiko. \n\u00dc<\/h3>\t\t\t\t<\/div>\n\t\t\t\t<\/div>\n\t\t\t\t<div class=\"elementor-element elementor-element-f44f347 elementor-align-center elementor-widget__width-auto elementor-widget elementor-widget-global elementor-global-1478 elementor-widget-button\" data-id=\"f44f347\" data-element_type=\"widget\" data-e-type=\"widget\" data-widget_type=\"button.default\">\n\t\t\t\t<div class=\"elementor-widget-container\">\n\t\t\t\t\t\t\t\t\t<div class=\"elementor-button-wrapper\">\n\t\t\t\t\t<a class=\"elementor-button elementor-button-link elementor-size-sm\" href=\"https:\/\/secure.efax.com\/de\/signup\">\n\t\t\t\t\t\t<span class=\"elementor-button-content-wrapper\">\n\t\t\t\t\t\t\t\t\t<span class=\"elementor-button-text\">Kostenlose Testphase Starten <i class=\"fa fa-angle-double-right fa-lg\"><\/i><\/span>\n\t\t\t\t\t<\/span>\n\t\t\t\t\t<\/a>\n\t\t\t\t<\/div>\n\t\t\t\t\t\t\t\t<\/div>\n\t\t\t\t<\/div>\n\t\t\t\t\t<\/div>\n\t\t<\/div>\n\t\t\t\t\t<\/div>\n\t\t<\/section>\n\t\t\t\t<\/div>\n\t\t","protected":false},"excerpt":{"rendered":"<p>\u00dcber uns eFax hat seinen Internet-Faxdienst mit dem Ziel entwickelt, die Vorteile der Nutzung von E-Mail-Systemen mit der Geschwindigkeit des Internets dazu zu verwenden, das Senden und Empfangen von Faxen f\u00fcr seine Kunden zu vereinfachen. eFax ist stark gewachsen und zu einem der weltweit gr\u00f6\u00dften Anbieter webbasierter Nachrichten-Services geworden. Fax per E-Mail wird mittlerweile von [&hellip;]<\/p>\n","protected":false},"author":1,"featured_media":0,"parent":0,"menu_order":0,"comment_status":"closed","ping_status":"closed","template":"","meta":{"_acf_changed":false,"footnotes":""},"class_list":["post-47","page","type-page","status-publish","hentry"],"acf":[],"yoast_head":"<!-- This site is optimized with the Yoast SEO plugin v27.3 - https:\/\/yoast.com\/product\/yoast-seo-wordpress\/ -->\n<title>\u00dcber uns - eFax<\/title>\n<meta name=\"description\" content=\"Fax startete mit dem Ziel, den Komfort von E-Mail mit der Geschwindigkeit des Internets zu verbinden. Seitdem ist eFax mit \u00fcber 11 Millionen Abonnenten zu einem der gr\u00f6\u00dften Anbieter von Internet-Messaging-Diensten geworden.\" \/>\n<meta name=\"robots\" content=\"index, follow, max-snippet:-1, max-image-preview:large, max-video-preview:-1\" \/>\n<link rel=\"canonical\" href=\"https:\/\/ww2.efax.com\/de\/uber-efax\" \/>\n<meta property=\"og:locale\" content=\"en_US\" \/>\n<meta property=\"og:type\" content=\"article\" \/>\n<meta property=\"og:title\" content=\"\u00dcber uns - eFax\" \/>\n<meta property=\"og:description\" content=\"Fax startete mit dem Ziel, den Komfort von E-Mail mit der Geschwindigkeit des Internets zu verbinden. Seitdem ist eFax mit \u00fcber 11 Millionen Abonnenten zu einem der gr\u00f6\u00dften Anbieter von Internet-Messaging-Diensten geworden.\" \/>\n<meta property=\"og:url\" content=\"https:\/\/ww2.efax.com\/de\/uber-efax\" \/>\n<meta property=\"og:site_name\" content=\"eFax DE\" \/>\n<meta property=\"article:modified_time\" content=\"2023-11-14T18:41:29+00:00\" \/>\n<meta property=\"og:image\" content=\"https:\/\/ww2.efax.com\/de\/wp-content\/uploads\/sites\/9\/2022\/01\/graphic-devices-2-1.png\" \/>\n<meta name=\"twitter:card\" content=\"summary_large_image\" \/>\n<meta name=\"twitter:label1\" content=\"Est. reading time\" \/>\n\t<meta name=\"twitter:data1\" content=\"3 minutes\" \/>\n<script type=\"application\/ld+json\" class=\"yoast-schema-graph\">{\"@context\":\"https:\\\/\\\/schema.org\",\"@graph\":[{\"@type\":\"WebPage\",\"@id\":\"https:\\\/\\\/ww2.efax.com\\\/de\\\/uber-efax\",\"url\":\"https:\\\/\\\/ww2.efax.com\\\/de\\\/uber-efax\",\"name\":\"\u00dcber uns - eFax\",\"isPartOf\":{\"@id\":\"https:\\\/\\\/ww2.efax.com\\\/de\\\/#website\"},\"primaryImageOfPage\":{\"@id\":\"https:\\\/\\\/ww2.efax.com\\\/de\\\/uber-efax#primaryimage\"},\"image\":{\"@id\":\"https:\\\/\\\/ww2.efax.com\\\/de\\\/uber-efax#primaryimage\"},\"thumbnailUrl\":\"https:\\\/\\\/ww2.efax.com\\\/de\\\/wp-content\\\/uploads\\\/sites\\\/9\\\/2022\\\/01\\\/graphic-devices-2-1.png\",\"datePublished\":\"2022-01-24T09:34:20+00:00\",\"dateModified\":\"2023-11-14T18:41:29+00:00\",\"description\":\"Fax startete mit dem Ziel, den Komfort von E-Mail mit der Geschwindigkeit des Internets zu verbinden. Seitdem ist eFax mit \u00fcber 11 Millionen Abonnenten zu einem der gr\u00f6\u00dften Anbieter von Internet-Messaging-Diensten geworden.\",\"breadcrumb\":{\"@id\":\"https:\\\/\\\/ww2.efax.com\\\/de\\\/uber-efax#breadcrumb\"},\"inLanguage\":\"en-US\",\"potentialAction\":[{\"@type\":\"ReadAction\",\"target\":[\"https:\\\/\\\/ww2.efax.com\\\/de\\\/uber-efax\"]}]},{\"@type\":\"ImageObject\",\"inLanguage\":\"en-US\",\"@id\":\"https:\\\/\\\/ww2.efax.com\\\/de\\\/uber-efax#primaryimage\",\"url\":\"https:\\\/\\\/ww2.efax.com\\\/de\\\/wp-content\\\/uploads\\\/sites\\\/9\\\/2022\\\/01\\\/graphic-devices-2-1.png\",\"contentUrl\":\"https:\\\/\\\/ww2.efax.com\\\/de\\\/wp-content\\\/uploads\\\/sites\\\/9\\\/2022\\\/01\\\/graphic-devices-2-1.png\",\"width\":571,\"height\":249,\"caption\":\"graphic-devices-2\"},{\"@type\":\"BreadcrumbList\",\"@id\":\"https:\\\/\\\/ww2.efax.com\\\/de\\\/uber-efax#breadcrumb\",\"itemListElement\":[{\"@type\":\"ListItem\",\"position\":1,\"name\":\"Home\",\"item\":\"https:\\\/\\\/ww2.efax.com\\\/de\\\/\"},{\"@type\":\"ListItem\",\"position\":2,\"name\":\"\u00dcber uns\"}]},{\"@type\":\"WebSite\",\"@id\":\"https:\\\/\\\/ww2.efax.com\\\/de\\\/#website\",\"url\":\"https:\\\/\\\/ww2.efax.com\\\/de\\\/\",\"name\":\"eFax DE\",\"description\":\"\",\"publisher\":{\"@id\":\"https:\\\/\\\/ww2.efax.com\\\/de\\\/#organization\"},\"potentialAction\":[{\"@type\":\"SearchAction\",\"target\":{\"@type\":\"EntryPoint\",\"urlTemplate\":\"https:\\\/\\\/ww2.efax.com\\\/de\\\/?s={search_term_string}\"},\"query-input\":{\"@type\":\"PropertyValueSpecification\",\"valueRequired\":true,\"valueName\":\"search_term_string\"}}],\"inLanguage\":\"en-US\"},{\"@type\":\"Organization\",\"@id\":\"https:\\\/\\\/ww2.efax.com\\\/de\\\/#organization\",\"name\":\"eFax DE\",\"url\":\"https:\\\/\\\/ww2.efax.com\\\/de\\\/\",\"logo\":{\"@type\":\"ImageObject\",\"inLanguage\":\"en-US\",\"@id\":\"https:\\\/\\\/ww2.efax.com\\\/de\\\/#\\\/schema\\\/logo\\\/image\\\/\",\"url\":\"https:\\\/\\\/ww2.efax.com\\\/de\\\/wp-content\\\/uploads\\\/sites\\\/9\\\/2022\\\/01\\\/logo-efax.png\",\"contentUrl\":\"https:\\\/\\\/ww2.efax.com\\\/de\\\/wp-content\\\/uploads\\\/sites\\\/9\\\/2022\\\/01\\\/logo-efax.png\",\"width\":2370,\"height\":749,\"caption\":\"eFax DE\"},\"image\":{\"@id\":\"https:\\\/\\\/ww2.efax.com\\\/de\\\/#\\\/schema\\\/logo\\\/image\\\/\"}}]}<\/script>\n<!-- \/ Yoast SEO plugin. -->","yoast_head_json":{"title":"\u00dcber uns - eFax","description":"Fax startete mit dem Ziel, den Komfort von E-Mail mit der Geschwindigkeit des Internets zu verbinden. Seitdem ist eFax mit \u00fcber 11 Millionen Abonnenten zu einem der gr\u00f6\u00dften Anbieter von Internet-Messaging-Diensten geworden.","robots":{"index":"index","follow":"follow","max-snippet":"max-snippet:-1","max-image-preview":"max-image-preview:large","max-video-preview":"max-video-preview:-1"},"canonical":"https:\/\/ww2.efax.com\/de\/uber-efax","og_locale":"en_US","og_type":"article","og_title":"\u00dcber uns - eFax","og_description":"Fax startete mit dem Ziel, den Komfort von E-Mail mit der Geschwindigkeit des Internets zu verbinden. Seitdem ist eFax mit \u00fcber 11 Millionen Abonnenten zu einem der gr\u00f6\u00dften Anbieter von Internet-Messaging-Diensten geworden.","og_url":"https:\/\/ww2.efax.com\/de\/uber-efax","og_site_name":"eFax DE","article_modified_time":"2023-11-14T18:41:29+00:00","og_image":[{"url":"https:\/\/ww2.efax.com\/de\/wp-content\/uploads\/sites\/9\/2022\/01\/graphic-devices-2-1.png","type":"","width":"","height":""}],"twitter_card":"summary_large_image","twitter_misc":{"Est. reading time":"3 minutes"},"schema":{"@context":"https:\/\/schema.org","@graph":[{"@type":"WebPage","@id":"https:\/\/ww2.efax.com\/de\/uber-efax","url":"https:\/\/ww2.efax.com\/de\/uber-efax","name":"\u00dcber uns - eFax","isPartOf":{"@id":"https:\/\/ww2.efax.com\/de\/#website"},"primaryImageOfPage":{"@id":"https:\/\/ww2.efax.com\/de\/uber-efax#primaryimage"},"image":{"@id":"https:\/\/ww2.efax.com\/de\/uber-efax#primaryimage"},"thumbnailUrl":"https:\/\/ww2.efax.com\/de\/wp-content\/uploads\/sites\/9\/2022\/01\/graphic-devices-2-1.png","datePublished":"2022-01-24T09:34:20+00:00","dateModified":"2023-11-14T18:41:29+00:00","description":"Fax startete mit dem Ziel, den Komfort von E-Mail mit der Geschwindigkeit des Internets zu verbinden. Seitdem ist eFax mit \u00fcber 11 Millionen Abonnenten zu einem der gr\u00f6\u00dften Anbieter von Internet-Messaging-Diensten geworden.","breadcrumb":{"@id":"https:\/\/ww2.efax.com\/de\/uber-efax#breadcrumb"},"inLanguage":"en-US","potentialAction":[{"@type":"ReadAction","target":["https:\/\/ww2.efax.com\/de\/uber-efax"]}]},{"@type":"ImageObject","inLanguage":"en-US","@id":"https:\/\/ww2.efax.com\/de\/uber-efax#primaryimage","url":"https:\/\/ww2.efax.com\/de\/wp-content\/uploads\/sites\/9\/2022\/01\/graphic-devices-2-1.png","contentUrl":"https:\/\/ww2.efax.com\/de\/wp-content\/uploads\/sites\/9\/2022\/01\/graphic-devices-2-1.png","width":571,"height":249,"caption":"graphic-devices-2"},{"@type":"BreadcrumbList","@id":"https:\/\/ww2.efax.com\/de\/uber-efax#breadcrumb","itemListElement":[{"@type":"ListItem","position":1,"name":"Home","item":"https:\/\/ww2.efax.com\/de\/"},{"@type":"ListItem","position":2,"name":"\u00dcber uns"}]},{"@type":"WebSite","@id":"https:\/\/ww2.efax.com\/de\/#website","url":"https:\/\/ww2.efax.com\/de\/","name":"eFax DE","description":"","publisher":{"@id":"https:\/\/ww2.efax.com\/de\/#organization"},"potentialAction":[{"@type":"SearchAction","target":{"@type":"EntryPoint","urlTemplate":"https:\/\/ww2.efax.com\/de\/?s={search_term_string}"},"query-input":{"@type":"PropertyValueSpecification","valueRequired":true,"valueName":"search_term_string"}}],"inLanguage":"en-US"},{"@type":"Organization","@id":"https:\/\/ww2.efax.com\/de\/#organization","name":"eFax DE","url":"https:\/\/ww2.efax.com\/de\/","logo":{"@type":"ImageObject","inLanguage":"en-US","@id":"https:\/\/ww2.efax.com\/de\/#\/schema\/logo\/image\/","url":"https:\/\/ww2.efax.com\/de\/wp-content\/uploads\/sites\/9\/2022\/01\/logo-efax.png","contentUrl":"https:\/\/ww2.efax.com\/de\/wp-content\/uploads\/sites\/9\/2022\/01\/logo-efax.png","width":2370,"height":749,"caption":"eFax DE"},"image":{"@id":"https:\/\/ww2.efax.com\/de\/#\/schema\/logo\/image\/"}}]}},"_links":{"self":[{"href":"https:\/\/ww2.efax.com\/de\/wp-json\/wp\/v2\/pages\/47","targetHints":{"allow":["GET"]}}],"collection":[{"href":"https:\/\/ww2.efax.com\/de\/wp-json\/wp\/v2\/pages"}],"about":[{"href":"https:\/\/ww2.efax.com\/de\/wp-json\/wp\/v2\/types\/page"}],"author":[{"embeddable":true,"href":"https:\/\/ww2.efax.com\/de\/wp-json\/wp\/v2\/users\/1"}],"replies":[{"embeddable":true,"href":"https:\/\/ww2.efax.com\/de\/wp-json\/wp\/v2\/comments?post=47"}],"version-history":[{"count":0,"href":"https:\/\/ww2.efax.com\/de\/wp-json\/wp\/v2\/pages\/47\/revisions"}],"wp:attachment":[{"href":"https:\/\/ww2.efax.com\/de\/wp-json\/wp\/v2\/media?parent=47"}],"curies":[{"name":"wp","href":"https:\/\/api.w.org\/{rel}","templated":true}]}}