{"id":316,"date":"2022-02-08T10:54:42","date_gmt":"2022-02-08T10:54:42","guid":{"rendered":"https:\/\/efaxstg.wpengine.com\/?page_id=316"},"modified":"2023-03-24T02:48:27","modified_gmt":"2023-03-24T02:48:27","slug":"kundigen","status":"publish","type":"page","link":"https:\/\/ww2.efax.com\/de\/kundigen","title":{"rendered":"Wie Sie Ihr eFax-Konto k\u00fcndigen"},"content":{"rendered":"\t\t<div data-elementor-type=\"wp-page\" data-elementor-id=\"316\" class=\"elementor elementor-316\" data-elementor-post-type=\"page\">\n\t\t\t\t\t\t<section class=\"elementor-section elementor-top-section elementor-element elementor-element-fa90157 elementor-section-boxed elementor-section-height-default elementor-section-height-default\" data-id=\"fa90157\" data-element_type=\"section\" data-e-type=\"section\">\n\t\t\t\t\t\t<div class=\"elementor-container elementor-column-gap-default\">\n\t\t\t\t\t<div class=\"elementor-column elementor-col-100 elementor-top-column elementor-element elementor-element-5fa1632\" data-id=\"5fa1632\" data-element_type=\"column\" data-e-type=\"column\">\n\t\t\t<div class=\"elementor-widget-wrap elementor-element-populated\">\n\t\t\t\t\t\t<div class=\"elementor-element elementor-element-86e016c elementor-widget elementor-widget-heading\" data-id=\"86e016c\" data-element_type=\"widget\" data-e-type=\"widget\" data-widget_type=\"heading.default\">\n\t\t\t\t<div class=\"elementor-widget-container\">\n\t\t\t\t\t<h1 class=\"elementor-heading-title elementor-size-default\">Wie Sie Ihr eFax-Konto k\u00fcndigen<\/h1>\t\t\t\t<\/div>\n\t\t\t\t<\/div>\n\t\t\t\t<div class=\"elementor-element elementor-element-af409ce elementor-widget elementor-widget-heading\" data-id=\"af409ce\" data-element_type=\"widget\" data-e-type=\"widget\" data-widget_type=\"heading.default\">\n\t\t\t\t<div class=\"elementor-widget-container\">\n\t\t\t\t\t<h3 class=\"elementor-heading-title elementor-size-default\">Wie Sie Ihr eFax-Konto k\u00fcndigen\n<\/h3>\t\t\t\t<\/div>\n\t\t\t\t<\/div>\n\t\t\t\t<div class=\"elementor-element elementor-element-ba5b6fe elementor-widget elementor-widget-heading\" data-id=\"ba5b6fe\" data-element_type=\"widget\" data-e-type=\"widget\" data-widget_type=\"heading.default\">\n\t\t\t\t<div class=\"elementor-widget-container\">\n\t\t\t\t\t<h5 class=\"elementor-heading-title elementor-size-default\">Wir bedauern es, Sie als Kunde zu verlieren! Wenn Sie Ihr Konto k\u00fcndigen m\u00fcssen, k\u00f6nnen Sie dies ganz einfach online tun:*\n<\/h5>\t\t\t\t<\/div>\n\t\t\t\t<\/div>\n\t\t\t\t<div class=\"elementor-element elementor-element-1177925 elementor-widget elementor-widget-text-editor\" data-id=\"1177925\" data-element_type=\"widget\" data-e-type=\"widget\" data-widget_type=\"text-editor.default\">\n\t\t\t\t<div class=\"elementor-widget-container\">\n\t\t\t\t\t\t\t\t\t<ul class=\"bullet-points\"><li><a href=\"https:\/\/portal.efax.de\/myaccount\/login\">Loggen<\/a>\u00a0Sie sich \u00fcber das eFax-Webportal bei Ihrem Konto ein.<\/li><li>Gehen Sie in der oberen Navigation zum Abschnitt &#8220;Konto aktualisieren&#8221;.<\/li><li>Klicken Sie auf den Tap &#8220;Abrechnung\u201c \u2013 scrollen Sie nach unten zu &#8220;N\u00e4chstes Zahlungsdatum\u201c.<\/li><li>Hier finden Sie &#8220;Mein Konto k\u00fcndigen\u201c, klicken Sie um zu k\u00fcndigen<\/li><\/ul>\t\t\t\t\t\t\t\t<\/div>\n\t\t\t\t<\/div>\n\t\t\t\t<div class=\"elementor-element elementor-element-9d60dc9 elementor-widget elementor-widget-heading\" data-id=\"9d60dc9\" data-element_type=\"widget\" data-e-type=\"widget\" data-widget_type=\"heading.default\">\n\t\t\t\t<div class=\"elementor-widget-container\">\n\t\t\t\t\t<div class=\"elementor-heading-title elementor-size-default\">*Wichtiger Hinweis:\n\n<\/div>\t\t\t\t<\/div>\n\t\t\t\t<\/div>\n\t\t\t\t<div class=\"elementor-element elementor-element-ca11eea elementor-widget elementor-widget-text-editor\" data-id=\"ca11eea\" data-element_type=\"widget\" data-e-type=\"widget\" data-widget_type=\"text-editor.default\">\n\t\t\t\t<div class=\"elementor-widget-container\">\n\t\t\t\t\t\t\t\t\t<ul class=\"bullet-points\"><li>Wenn Sie einen Jahrestarif, mehrere Faxnummern, einen ausstehenden Betrag oder eine andere Zahlungsmethode als Karte haben, m\u00fcssen Sie uns per E-Mail\u00a0<a href=\"mailto:hilfede@mail.efax.com\">hilfede@mail.efax.com<\/a>\u00a0oder telefonisch unter 0800 000 3164 kontaktieren und wir werden Ihnen gerne weiterhelfen.<\/li><li>Alle \u00fcber iTunes erworbenen eFax-Anmeldungen m\u00fcssen \u00fcber iTunes storniert werden.\u00a0<a href=\"https:\/\/support.apple.com\/en-us\/HT202039\">Klicken Sie hier<\/a>, um Anweisungen zur Stornierung zu erhalten. Sollten Sie weitere Hilfe ben\u00f6tigen, lassen Sie es uns bitte wissen.<\/li><\/ul>\t\t\t\t\t\t\t\t<\/div>\n\t\t\t\t<\/div>\n\t\t\t\t<div class=\"elementor-element elementor-element-f617a2a elementor-widget elementor-widget-heading\" data-id=\"f617a2a\" data-element_type=\"widget\" data-e-type=\"widget\" data-widget_type=\"heading.default\">\n\t\t\t\t<div class=\"elementor-widget-container\">\n\t\t\t\t\t<div class=\"elementor-heading-title elementor-size-default\">Haben Sie weitere Fragen oder Anliegen?\n<\/div>\t\t\t\t<\/div>\n\t\t\t\t<\/div>\n\t\t\t\t<div class=\"elementor-element elementor-element-21e2086 elementor-widget elementor-widget-heading\" data-id=\"21e2086\" data-element_type=\"widget\" data-e-type=\"widget\" data-widget_type=\"heading.default\">\n\t\t\t\t<div class=\"elementor-widget-container\">\n\t\t\t\t\t<div class=\"elementor-heading-title elementor-size-default\"><strong>Rufen Sie uns unter 0800 000 3164 an.<\/strong>\n<\/div>\t\t\t\t<\/div>\n\t\t\t\t<\/div>\n\t\t\t\t\t<\/div>\n\t\t<\/div>\n\t\t\t\t\t<\/div>\n\t\t<\/section>\n\t\t\t\t<\/div>\n\t\t","protected":false},"excerpt":{"rendered":"<p>Wie Sie Ihr eFax-Konto k\u00fcndigen Wie Sie Ihr eFax-Konto k\u00fcndigen Wir bedauern es, Sie als Kunde zu verlieren! Wenn Sie Ihr Konto k\u00fcndigen m\u00fcssen, k\u00f6nnen Sie dies ganz einfach online tun:* Loggen&nbsp;Sie sich \u00fcber das eFax-Webportal bei Ihrem Konto ein. Gehen Sie in der oberen Navigation zum Abschnitt &#8220;Konto aktualisieren&#8221;. Klicken Sie auf den Tap [&hellip;]<\/p>\n","protected":false},"author":1,"featured_media":0,"parent":0,"menu_order":0,"comment_status":"closed","ping_status":"closed","template":"","meta":{"_acf_changed":false,"footnotes":""},"class_list":["post-316","page","type-page","status-publish","hentry"],"acf":[],"yoast_head":"<!-- This site is optimized with the Yoast SEO plugin v27.3 - https:\/\/yoast.com\/product\/yoast-seo-wordpress\/ -->\n<title>So k\u00fcndigen Sie eFax | Einfache M\u00f6glichkeiten, Ihren eFax-Plan zu k\u00fcndigen<\/title>\n<meta name=\"description\" content=\"Haben Sie eine Frage f\u00fcr eFax? Suchen Sie weitere Informationen zu unserem kostenlosen Testangebot? Klicken Sie hier, um unsere Online-Faxexperten zu kontaktieren, oder rufen Sie jetzt 0800 0232822 an.\" \/>\n<meta name=\"robots\" content=\"index, follow, max-snippet:-1, max-image-preview:large, max-video-preview:-1\" \/>\n<link rel=\"canonical\" href=\"https:\/\/ww2.efax.com\/de\/kundigen\" \/>\n<meta property=\"og:locale\" content=\"en_US\" \/>\n<meta property=\"og:type\" content=\"article\" \/>\n<meta property=\"og:title\" content=\"So k\u00fcndigen Sie eFax | Einfache M\u00f6glichkeiten, Ihren eFax-Plan zu k\u00fcndigen\" \/>\n<meta property=\"og:description\" content=\"Haben Sie eine Frage f\u00fcr eFax? Suchen Sie weitere Informationen zu unserem kostenlosen Testangebot? Klicken Sie hier, um unsere Online-Faxexperten zu kontaktieren, oder rufen Sie jetzt 0800 0232822 an.\" \/>\n<meta property=\"og:url\" content=\"https:\/\/ww2.efax.com\/de\/kundigen\" \/>\n<meta property=\"og:site_name\" content=\"eFax DE\" \/>\n<meta property=\"article:modified_time\" content=\"2023-03-24T02:48:27+00:00\" \/>\n<meta property=\"og:image\" content=\"https:\/\/ww2.efax.com\/de\/wp-content\/uploads\/sites\/9\/2022\/08\/efax-thumbnail-1200x627-1.jpg\" \/>\n\t<meta property=\"og:image:width\" content=\"1200\" \/>\n\t<meta property=\"og:image:height\" content=\"627\" \/>\n\t<meta property=\"og:image:type\" content=\"image\/jpeg\" \/>\n<meta name=\"twitter:card\" content=\"summary_large_image\" \/>\n<meta name=\"twitter:label1\" content=\"Est. reading time\" \/>\n\t<meta name=\"twitter:data1\" content=\"1 minute\" \/>\n<script type=\"application\/ld+json\" class=\"yoast-schema-graph\">{\"@context\":\"https:\\\/\\\/schema.org\",\"@graph\":[{\"@type\":\"WebPage\",\"@id\":\"https:\\\/\\\/ww2.efax.com\\\/de\\\/kundigen\",\"url\":\"https:\\\/\\\/ww2.efax.com\\\/de\\\/kundigen\",\"name\":\"So k\u00fcndigen Sie eFax | Einfache M\u00f6glichkeiten, Ihren eFax-Plan zu k\u00fcndigen\",\"isPartOf\":{\"@id\":\"https:\\\/\\\/ww2.efax.com\\\/de\\\/#website\"},\"datePublished\":\"2022-02-08T10:54:42+00:00\",\"dateModified\":\"2023-03-24T02:48:27+00:00\",\"description\":\"Haben Sie eine Frage f\u00fcr eFax? Suchen Sie weitere Informationen zu unserem kostenlosen Testangebot? Klicken Sie hier, um unsere Online-Faxexperten zu kontaktieren, oder rufen Sie jetzt 0800 0232822 an.\",\"breadcrumb\":{\"@id\":\"https:\\\/\\\/ww2.efax.com\\\/de\\\/kundigen#breadcrumb\"},\"inLanguage\":\"en-US\",\"potentialAction\":[{\"@type\":\"ReadAction\",\"target\":[\"https:\\\/\\\/ww2.efax.com\\\/de\\\/kundigen\"]}]},{\"@type\":\"BreadcrumbList\",\"@id\":\"https:\\\/\\\/ww2.efax.com\\\/de\\\/kundigen#breadcrumb\",\"itemListElement\":[{\"@type\":\"ListItem\",\"position\":1,\"name\":\"Home\",\"item\":\"https:\\\/\\\/ww2.efax.com\\\/de\\\/\"},{\"@type\":\"ListItem\",\"position\":2,\"name\":\"Wie Sie Ihr eFax-Konto k\u00fcndigen\"}]},{\"@type\":\"WebSite\",\"@id\":\"https:\\\/\\\/ww2.efax.com\\\/de\\\/#website\",\"url\":\"https:\\\/\\\/ww2.efax.com\\\/de\\\/\",\"name\":\"eFax DE\",\"description\":\"\",\"publisher\":{\"@id\":\"https:\\\/\\\/ww2.efax.com\\\/de\\\/#organization\"},\"potentialAction\":[{\"@type\":\"SearchAction\",\"target\":{\"@type\":\"EntryPoint\",\"urlTemplate\":\"https:\\\/\\\/ww2.efax.com\\\/de\\\/?s={search_term_string}\"},\"query-input\":{\"@type\":\"PropertyValueSpecification\",\"valueRequired\":true,\"valueName\":\"search_term_string\"}}],\"inLanguage\":\"en-US\"},{\"@type\":\"Organization\",\"@id\":\"https:\\\/\\\/ww2.efax.com\\\/de\\\/#organization\",\"name\":\"eFax DE\",\"url\":\"https:\\\/\\\/ww2.efax.com\\\/de\\\/\",\"logo\":{\"@type\":\"ImageObject\",\"inLanguage\":\"en-US\",\"@id\":\"https:\\\/\\\/ww2.efax.com\\\/de\\\/#\\\/schema\\\/logo\\\/image\\\/\",\"url\":\"https:\\\/\\\/ww2.efax.com\\\/de\\\/wp-content\\\/uploads\\\/sites\\\/9\\\/2022\\\/01\\\/logo-efax.png\",\"contentUrl\":\"https:\\\/\\\/ww2.efax.com\\\/de\\\/wp-content\\\/uploads\\\/sites\\\/9\\\/2022\\\/01\\\/logo-efax.png\",\"width\":2370,\"height\":749,\"caption\":\"eFax DE\"},\"image\":{\"@id\":\"https:\\\/\\\/ww2.efax.com\\\/de\\\/#\\\/schema\\\/logo\\\/image\\\/\"}}]}<\/script>\n<!-- \/ Yoast SEO plugin. -->","yoast_head_json":{"title":"So k\u00fcndigen Sie eFax | Einfache M\u00f6glichkeiten, Ihren eFax-Plan zu k\u00fcndigen","description":"Haben Sie eine Frage f\u00fcr eFax? Suchen Sie weitere Informationen zu unserem kostenlosen Testangebot? Klicken Sie hier, um unsere Online-Faxexperten zu kontaktieren, oder rufen Sie jetzt 0800 0232822 an.","robots":{"index":"index","follow":"follow","max-snippet":"max-snippet:-1","max-image-preview":"max-image-preview:large","max-video-preview":"max-video-preview:-1"},"canonical":"https:\/\/ww2.efax.com\/de\/kundigen","og_locale":"en_US","og_type":"article","og_title":"So k\u00fcndigen Sie eFax | Einfache M\u00f6glichkeiten, Ihren eFax-Plan zu k\u00fcndigen","og_description":"Haben Sie eine Frage f\u00fcr eFax? Suchen Sie weitere Informationen zu unserem kostenlosen Testangebot? Klicken Sie hier, um unsere Online-Faxexperten zu kontaktieren, oder rufen Sie jetzt 0800 0232822 an.","og_url":"https:\/\/ww2.efax.com\/de\/kundigen","og_site_name":"eFax DE","article_modified_time":"2023-03-24T02:48:27+00:00","og_image":[{"width":1200,"height":627,"url":"https:\/\/ww2.efax.com\/de\/wp-content\/uploads\/sites\/9\/2022\/08\/efax-thumbnail-1200x627-1.jpg","type":"image\/jpeg"}],"twitter_card":"summary_large_image","twitter_misc":{"Est. reading time":"1 minute"},"schema":{"@context":"https:\/\/schema.org","@graph":[{"@type":"WebPage","@id":"https:\/\/ww2.efax.com\/de\/kundigen","url":"https:\/\/ww2.efax.com\/de\/kundigen","name":"So k\u00fcndigen Sie eFax | Einfache M\u00f6glichkeiten, Ihren eFax-Plan zu k\u00fcndigen","isPartOf":{"@id":"https:\/\/ww2.efax.com\/de\/#website"},"datePublished":"2022-02-08T10:54:42+00:00","dateModified":"2023-03-24T02:48:27+00:00","description":"Haben Sie eine Frage f\u00fcr eFax? Suchen Sie weitere Informationen zu unserem kostenlosen Testangebot? Klicken Sie hier, um unsere Online-Faxexperten zu kontaktieren, oder rufen Sie jetzt 0800 0232822 an.","breadcrumb":{"@id":"https:\/\/ww2.efax.com\/de\/kundigen#breadcrumb"},"inLanguage":"en-US","potentialAction":[{"@type":"ReadAction","target":["https:\/\/ww2.efax.com\/de\/kundigen"]}]},{"@type":"BreadcrumbList","@id":"https:\/\/ww2.efax.com\/de\/kundigen#breadcrumb","itemListElement":[{"@type":"ListItem","position":1,"name":"Home","item":"https:\/\/ww2.efax.com\/de\/"},{"@type":"ListItem","position":2,"name":"Wie Sie Ihr eFax-Konto k\u00fcndigen"}]},{"@type":"WebSite","@id":"https:\/\/ww2.efax.com\/de\/#website","url":"https:\/\/ww2.efax.com\/de\/","name":"eFax DE","description":"","publisher":{"@id":"https:\/\/ww2.efax.com\/de\/#organization"},"potentialAction":[{"@type":"SearchAction","target":{"@type":"EntryPoint","urlTemplate":"https:\/\/ww2.efax.com\/de\/?s={search_term_string}"},"query-input":{"@type":"PropertyValueSpecification","valueRequired":true,"valueName":"search_term_string"}}],"inLanguage":"en-US"},{"@type":"Organization","@id":"https:\/\/ww2.efax.com\/de\/#organization","name":"eFax DE","url":"https:\/\/ww2.efax.com\/de\/","logo":{"@type":"ImageObject","inLanguage":"en-US","@id":"https:\/\/ww2.efax.com\/de\/#\/schema\/logo\/image\/","url":"https:\/\/ww2.efax.com\/de\/wp-content\/uploads\/sites\/9\/2022\/01\/logo-efax.png","contentUrl":"https:\/\/ww2.efax.com\/de\/wp-content\/uploads\/sites\/9\/2022\/01\/logo-efax.png","width":2370,"height":749,"caption":"eFax DE"},"image":{"@id":"https:\/\/ww2.efax.com\/de\/#\/schema\/logo\/image\/"}}]}},"_links":{"self":[{"href":"https:\/\/ww2.efax.com\/de\/wp-json\/wp\/v2\/pages\/316","targetHints":{"allow":["GET"]}}],"collection":[{"href":"https:\/\/ww2.efax.com\/de\/wp-json\/wp\/v2\/pages"}],"about":[{"href":"https:\/\/ww2.efax.com\/de\/wp-json\/wp\/v2\/types\/page"}],"author":[{"embeddable":true,"href":"https:\/\/ww2.efax.com\/de\/wp-json\/wp\/v2\/users\/1"}],"replies":[{"embeddable":true,"href":"https:\/\/ww2.efax.com\/de\/wp-json\/wp\/v2\/comments?post=316"}],"version-history":[{"count":0,"href":"https:\/\/ww2.efax.com\/de\/wp-json\/wp\/v2\/pages\/316\/revisions"}],"wp:attachment":[{"href":"https:\/\/ww2.efax.com\/de\/wp-json\/wp\/v2\/media?parent=316"}],"curies":[{"name":"wp","href":"https:\/\/api.w.org\/{rel}","templated":true}]}}